{"id":557,"date":"2012-01-24T09:29:14","date_gmt":"2012-01-24T09:29:14","guid":{"rendered":"http:\/\/www.amfm53.org\/?page_id=557"},"modified":"2020-07-25T13:58:40","modified_gmt":"2020-07-25T13:58:40","slug":"expositions-a-venir","status":"publish","type":"page","link":"https:\/\/www.amfm53.org\/?page_id=557","title":{"rendered":"Expositions \u00e0 venir"},"content":{"rendered":"<p>&gt;&gt; Seul Rail Expo 2020 est encore envisag\u00e9 \u00e0 ce jour &#8230;<\/p>\n","protected":false},"excerpt":{"rendered":"<p>&gt;&gt; Seul Rail Expo 2020 est encore envisag\u00e9 \u00e0 ce jour &#8230;<\/p>\n","protected":false},"author":1,"featured_media":0,"parent":194,"menu_order":0,"comment_status":"open","ping_status":"open","template":"","meta":{"footnotes":""},"class_list":["post-557","page","type-page","status-publish","hentry","odd"],"_links":{"self":[{"href":"https:\/\/www.amfm53.org\/index.php?rest_route=\/wp\/v2\/pages\/557","targetHints":{"allow":["GET"]}}],"collection":[{"href":"https:\/\/www.amfm53.org\/index.php?rest_route=\/wp\/v2\/pages"}],"about":[{"href":"https:\/\/www.amfm53.org\/index.php?rest_route=\/wp\/v2\/types\/page"}],"author":[{"embeddable":true,"href":"https:\/\/www.amfm53.org\/index.php?rest_route=\/wp\/v2\/users\/1"}],"replies":[{"embeddable":true,"href":"https:\/\/www.amfm53.org\/index.php?rest_route=%2Fwp%2Fv2%2Fcomments&post=557"}],"version-history":[{"count":44,"href":"https:\/\/www.amfm53.org\/index.php?rest_route=\/wp\/v2\/pages\/557\/revisions"}],"predecessor-version":[{"id":1623,"href":"https:\/\/www.amfm53.org\/index.php?rest_route=\/wp\/v2\/pages\/557\/revisions\/1623"}],"up":[{"embeddable":true,"href":"https:\/\/www.amfm53.org\/index.php?rest_route=\/wp\/v2\/pages\/194"}],"wp:attachment":[{"href":"https:\/\/www.amfm53.org\/index.php?rest_route=%2Fwp%2Fv2%2Fmedia&parent=557"}],"curies":[{"name":"wp","href":"https:\/\/api.w.org\/{rel}","templated":true}]}}