{"id":50,"date":"2010-06-05T13:35:27","date_gmt":"2010-06-05T13:35:27","guid":{"rendered":"http:\/\/www.amfm53.org\/?page_id=50"},"modified":"2010-11-28T18:32:01","modified_gmt":"2010-11-28T18:32:01","slug":"le-depot-vapeur-de-laval","status":"publish","type":"page","link":"https:\/\/www.amfm53.org\/?page_id=50","title":{"rendered":"Le d\u00e9p\u00f4t Vapeur de Laval"},"content":{"rendered":"<p><em>\u00a0<\/em><\/p>\n<p><a href=\"http:\/\/www.amfm53.org\/wp-content\/uploads\/2010\/06\/briquettes4.jpg\"><img loading=\"lazy\" decoding=\"async\" class=\"alignnone size-full wp-image-68\" title=\"briquettes4\" src=\"http:\/\/www.amfm53.org\/wp-content\/uploads\/2010\/06\/briquettes4.jpg\" alt=\"\" width=\"300\" height=\"142\" srcset=\"https:\/\/www.amfm53.org\/wp-content\/uploads\/2010\/06\/briquettes4.jpg 300w, https:\/\/www.amfm53.org\/wp-content\/uploads\/2010\/06\/briquettes4-150x71.jpg 150w\" sizes=\"auto, (max-width: 300px) 100vw, 300px\" \/><\/a>\u00a0\u00a0\u00a0\u00a0\u00a0\u00a0\u00a0\u00a0\u00a0\u00a0\u00a0\u00a0\u00a0\u00a0\u00a0\u00a0\u00a0\u00a0\u00a0\u00a0\u00a0\u00a0\u00a0\u00a0\u00a0\u00a0<\/p>\n<p>La maquette du d\u00e9p\u00f4t vapeur de Laval dans les ann\u00e9es 1960<strong>.<\/strong><a href=\"http:\/\/www.amfm53.org\/wp-content\/uploads\/2010\/06\/depot-retouche.jpg\"><strong><img loading=\"lazy\" decoding=\"async\" class=\"size-full wp-image-69 alignright\" title=\"depot retouche\" src=\"http:\/\/www.amfm53.org\/wp-content\/uploads\/2010\/06\/depot-retouche.jpg\" alt=\"\" width=\"300\" height=\"225\" srcset=\"https:\/\/www.amfm53.org\/wp-content\/uploads\/2010\/06\/depot-retouche.jpg 300w, https:\/\/www.amfm53.org\/wp-content\/uploads\/2010\/06\/depot-retouche-150x112.jpg 150w\" sizes=\"auto, (max-width: 300px) 100vw, 300px\" \/><\/strong><\/a><\/p>\n<p><strong>\u00a0<\/strong><\/p>\n<p>Construite \u00e0 l\u2019\u00e9chelle 1\/87<sup>\u00e8me<\/sup>, \u00e0 partir des plans SNCF de l\u2019\u00e9poque et de photos sur site, cette maquette repr\u00e9sente les diff\u00e9rents b\u00e2timents n\u00e9cessaires au fonctionnement d\u2019un d\u00e9p\u00f4t vapeur et diesel\u00a0:<\/p>\n<p><strong>\u00a0<\/strong><\/p>\n<p>\u00a0Toboggan \u00e0 charbon, Parc \u00e0 briquettes, Sablerie, Lampisterie, Ch\u00e2teaux d\u2019eau, Remise, Ateliers et Magasins, Bureau du chef de d\u00e9p\u00f4t, R\u00e9fectoire et Dortoir, R\u00e9servoir \u00e0 gas-oil, R\u00e9serve d\u2019essence, on y trouve m\u00eame un abri anti-bombe pour le personnel.<\/p>\n<p>\u00a0Une plaque tournante permettait de retourner les machines \u00e0 vapeur.<\/p>\n<p>\u00a0La maquette est compos\u00e9e de 5 modules formant un ensemble de 7.50 m x 1 m.<\/p>\n<p>Elle est g\u00e9r\u00e9e par\u00a03 TCO (tableau de commande) permettant le fonctionnement des aiguilles et l\u2019alimentation des voies.<\/p>\n<p><em><a href=\"http:\/\/www.amfm53.org\/wp-content\/uploads\/2010\/06\/d\u00e9pot-vue-g\u00e9n\u00e911.jpg\"><img loading=\"lazy\" decoding=\"async\" class=\"alignnone size-full wp-image-133\" title=\"d\u00e9pot vue g\u00e9n\u00e9(1)\" src=\"http:\/\/www.amfm53.org\/wp-content\/uploads\/2010\/06\/d\u00e9pot-vue-g\u00e9n\u00e911.jpg\" alt=\"\" width=\"1600\" height=\"1143\" srcset=\"https:\/\/www.amfm53.org\/wp-content\/uploads\/2010\/06\/d\u00e9pot-vue-g\u00e9n\u00e911.jpg 1600w, https:\/\/www.amfm53.org\/wp-content\/uploads\/2010\/06\/d\u00e9pot-vue-g\u00e9n\u00e911-300x214.jpg 300w, https:\/\/www.amfm53.org\/wp-content\/uploads\/2010\/06\/d\u00e9pot-vue-g\u00e9n\u00e911-1024x731.jpg 1024w, https:\/\/www.amfm53.org\/wp-content\/uploads\/2010\/06\/d\u00e9pot-vue-g\u00e9n\u00e911-150x107.jpg 150w, https:\/\/www.amfm53.org\/wp-content\/uploads\/2010\/06\/d\u00e9pot-vue-g\u00e9n\u00e911-400x285.jpg 400w\" sizes=\"auto, (max-width: 1600px) 100vw, 1600px\" \/><\/a><\/em><\/p>\n<p><em>\u00a0<a href=\"http:\/\/www.amfm53.org\/wp-content\/uploads\/2010\/06\/depot-cote-rennes.jpg\"><img loading=\"lazy\" decoding=\"async\" class=\"alignnone size-full wp-image-164\" title=\"depot cote rennes\" src=\"http:\/\/www.amfm53.org\/wp-content\/uploads\/2010\/06\/depot-cote-rennes.jpg\" alt=\"\" width=\"2816\" height=\"1663\" srcset=\"https:\/\/www.amfm53.org\/wp-content\/uploads\/2010\/06\/depot-cote-rennes.jpg 2816w, https:\/\/www.amfm53.org\/wp-content\/uploads\/2010\/06\/depot-cote-rennes-300x177.jpg 300w, https:\/\/www.amfm53.org\/wp-content\/uploads\/2010\/06\/depot-cote-rennes-1024x604.jpg 1024w, https:\/\/www.amfm53.org\/wp-content\/uploads\/2010\/06\/depot-cote-rennes-150x88.jpg 150w, https:\/\/www.amfm53.org\/wp-content\/uploads\/2010\/06\/depot-cote-rennes-400x236.jpg 400w\" sizes=\"auto, (max-width: 2816px) 100vw, 2816px\" \/><\/a><\/em><\/p>\n<p><em>\u00a0<\/em>\u00a0<\/p>\n<p><em><a href=\"http:\/\/www.amfm53.org\/wp-content\/uploads\/2010\/05\/100_3873.jpg\"><img loading=\"lazy\" decoding=\"async\" title=\"remplissage gas-oil\" src=\"http:\/\/www.amfm53.org\/wp-content\/uploads\/2010\/05\/100_3873-300x200.jpg\" alt=\"\" width=\"300\" height=\"200\" \/><\/a><\/em><\/p>\n<p>Le parc \u00e0 charbon<\/p>\n<p><a href=\"http:\/\/www.amfm53.org\/wp-content\/uploads\/2010\/05\/100_3871.jpg\"><img loading=\"lazy\" decoding=\"async\" title=\"manoeuvres tender\" src=\"http:\/\/www.amfm53.org\/wp-content\/uploads\/2010\/05\/100_3871-300x200.jpg\" alt=\"\" width=\"300\" height=\"200\" \/><\/a><\/p>\n<p>Manoeuvres d&rsquo;un tender par le yoyo du d\u00e9pot<\/p>\n<p><a href=\"http:\/\/www.amfm53.org\/wp-content\/uploads\/2010\/05\/100_3841.jpg\"><img loading=\"lazy\" decoding=\"async\" title=\"la remise\" src=\"http:\/\/www.amfm53.org\/wp-content\/uploads\/2010\/05\/100_3841-300x200.jpg\" alt=\"\" width=\"300\" height=\"200\" \/><\/a><\/p>\n<p>La remise en mod\u00e9lisme, le b\u00e2timent r\u00e9el existe toujours en gare de Laval.<\/p>\n<p><a href=\"http:\/\/www.amfm53.org\/wp-content\/uploads\/2010\/05\/100_4065.jpg\"><img loading=\"lazy\" decoding=\"async\" title=\"le toboggan \u00e0 charbon\" src=\"http:\/\/www.amfm53.org\/wp-content\/uploads\/2010\/05\/100_4065-200x300.jpg\" alt=\"\" width=\"200\" height=\"300\" \/><\/a><\/p>\n<p>Le toboggan \u00e0 charbon, cet \u00e9difice servait au remplissage des tenders des locomotives \u00e0 vapeur.<\/p>\n<p><a href=\"http:\/\/www.amfm53.org\/wp-content\/uploads\/2010\/06\/d\u00e9pot-cote-paris.jpg\"><\/a><\/p>\n","protected":false},"excerpt":{"rendered":"<\/p>\n<p>La maquette du d\u00e9p\u00f4t vapeur de Laval dans les ann\u00e9es 1960.<\/p>\n<\/p>\n<p>Construite \u00e0 l\u2019\u00e9chelle 1\/87\u00e8me, \u00e0 partir des plans SNCF de l\u2019\u00e9poque et de photos sur site, cette maquette repr\u00e9sente les diff\u00e9rents b\u00e2timents n\u00e9cessaires au fonctionnement d\u2019un d\u00e9p\u00f4t vapeur et diesel :<\/p>\n<\/p>\n<p> Toboggan \u00e0 charbon, Parc [&#8230;]<\/p>\n","protected":false},"author":3,"featured_media":0,"parent":5,"menu_order":2,"comment_status":"open","ping_status":"open","template":"","meta":{"footnotes":""},"class_list":["post-50","page","type-page","status-publish","hentry","odd"],"_links":{"self":[{"href":"https:\/\/www.amfm53.org\/index.php?rest_route=\/wp\/v2\/pages\/50","targetHints":{"allow":["GET"]}}],"collection":[{"href":"https:\/\/www.amfm53.org\/index.php?rest_route=\/wp\/v2\/pages"}],"about":[{"href":"https:\/\/www.amfm53.org\/index.php?rest_route=\/wp\/v2\/types\/page"}],"author":[{"embeddable":true,"href":"https:\/\/www.amfm53.org\/index.php?rest_route=\/wp\/v2\/users\/3"}],"replies":[{"embeddable":true,"href":"https:\/\/www.amfm53.org\/index.php?rest_route=%2Fwp%2Fv2%2Fcomments&post=50"}],"version-history":[{"count":15,"href":"https:\/\/www.amfm53.org\/index.php?rest_route=\/wp\/v2\/pages\/50\/revisions"}],"predecessor-version":[{"id":53,"href":"https:\/\/www.amfm53.org\/index.php?rest_route=\/wp\/v2\/pages\/50\/revisions\/53"}],"up":[{"embeddable":true,"href":"https:\/\/www.amfm53.org\/index.php?rest_route=\/wp\/v2\/pages\/5"}],"wp:attachment":[{"href":"https:\/\/www.amfm53.org\/index.php?rest_route=%2Fwp%2Fv2%2Fmedia&parent=50"}],"curies":[{"name":"wp","href":"https:\/\/api.w.org\/{rel}","templated":true}]}}