{"id":464,"date":"2011-04-25T09:05:11","date_gmt":"2011-04-25T09:05:11","guid":{"rendered":"http:\/\/www.amfm53.org\/?page_id=464"},"modified":"2019-09-22T15:18:09","modified_gmt":"2019-09-22T15:18:09","slug":"modules-juniors","status":"publish","type":"page","link":"https:\/\/www.amfm53.org\/?page_id=464","title":{"rendered":"Modules Juniors"},"content":{"rendered":"<p><strong> Destin\u00e9 \u00e0 mettre en pratique les techniques de mod\u00e9lisme chez les jeunes, le module junior repr\u00e9sente une voie ferr\u00e9e simple dans son environnement. Il est construit sur une base de 60 \u00e0 120 cm de long et d\u2019une profondeur de 40 cm. Des interfaces normalis\u00e9es permettent de le raccorder \u00e0 d\u2019autres modules juniors. <\/strong><\/p>\n<p style=\"text-align: center;\"><a href=\"http:\/\/www.amfm53.org\/wp-content\/uploads\/2011\/04\/PROMOTION-3-MJ-LAVAL-copy.jpg\"><img loading=\"lazy\" decoding=\"async\" class=\"alignnone size-medium wp-image-529\" title=\"PROMOTION 3 MJ-LAVAL copy\" src=\"http:\/\/www.amfm53.org\/wp-content\/uploads\/2011\/04\/PROMOTION-3-MJ-LAVAL-copy-200x300.jpg\" alt=\"\" width=\"200\" height=\"300\" srcset=\"https:\/\/www.amfm53.org\/wp-content\/uploads\/2011\/04\/PROMOTION-3-MJ-LAVAL-copy-200x300.jpg 200w, https:\/\/www.amfm53.org\/wp-content\/uploads\/2011\/04\/PROMOTION-3-MJ-LAVAL-copy-682x1024.jpg 682w, https:\/\/www.amfm53.org\/wp-content\/uploads\/2011\/04\/PROMOTION-3-MJ-LAVAL-copy-100x150.jpg 100w, https:\/\/www.amfm53.org\/wp-content\/uploads\/2011\/04\/PROMOTION-3-MJ-LAVAL-copy-400x600.jpg 400w, https:\/\/www.amfm53.org\/wp-content\/uploads\/2011\/04\/PROMOTION-3-MJ-LAVAL-copy.jpg 720w\" sizes=\"auto, (max-width: 200px) 100vw, 200px\" \/><\/a><\/p>\n<p><a href=\"http:\/\/lemodulejunior.skyrock.com\/\">http:\/\/lemodulejunior.skyrock.com\/<\/a><\/p>\n<p><strong>Le premier module construit par les jeunes de l\u2019Association repr\u00e9sente une sc\u00e8ne de tournage sur une plage du d\u00e9barquement.<\/strong><\/p>\n<p><a href=\"http:\/\/www.amfm53.org\/wp-content\/uploads\/2011\/04\/junior10.jpg\"><img loading=\"lazy\" decoding=\"async\" class=\"alignnone wp-image-486\" src=\"http:\/\/www.amfm53.org\/wp-content\/uploads\/2011\/04\/junior10.jpg\" alt=\"junior(10)\" width=\"1183\" height=\"492\" srcset=\"https:\/\/www.amfm53.org\/wp-content\/uploads\/2011\/04\/junior10.jpg 2816w, https:\/\/www.amfm53.org\/wp-content\/uploads\/2011\/04\/junior10-300x124.jpg 300w, https:\/\/www.amfm53.org\/wp-content\/uploads\/2011\/04\/junior10-1024x426.jpg 1024w, https:\/\/www.amfm53.org\/wp-content\/uploads\/2011\/04\/junior10-150x62.jpg 150w, https:\/\/www.amfm53.org\/wp-content\/uploads\/2011\/04\/junior10-400x166.jpg 400w\" sizes=\"auto, (max-width: 1183px) 100vw, 1183px\" \/><\/a><\/p>\n<p>\u00a0<\/p>\n<p><strong>Le deuxi\u00e8me module est une petite ligne de campagne passant au-dessus d&rsquo;un ruisseau.<\/strong><\/p>\n<p><strong>\u00a0<a href=\"http:\/\/www.amfm53.org\/wp-content\/uploads\/2011\/04\/junior24.jpg\"><img loading=\"lazy\" decoding=\"async\" class=\"alignnone wp-image-488\" src=\"http:\/\/www.amfm53.org\/wp-content\/uploads\/2011\/04\/junior24.jpg\" alt=\"junior2(4)\" width=\"1014\" height=\"760\" srcset=\"https:\/\/www.amfm53.org\/wp-content\/uploads\/2011\/04\/junior24.jpg 2816w, https:\/\/www.amfm53.org\/wp-content\/uploads\/2011\/04\/junior24-300x225.jpg 300w, https:\/\/www.amfm53.org\/wp-content\/uploads\/2011\/04\/junior24-1024x768.jpg 1024w, https:\/\/www.amfm53.org\/wp-content\/uploads\/2011\/04\/junior24-150x112.jpg 150w, https:\/\/www.amfm53.org\/wp-content\/uploads\/2011\/04\/junior24-400x300.jpg 400w\" sizes=\"auto, (max-width: 1014px) 100vw, 1014px\" \/><\/a><\/strong><\/p>\n<p>Puis un ensemble de 2 modules pour une petite gare de bifurcation. Cet ensemble en cours de construction assurera l&rsquo;alimentation \u00e9lectrique de cette gare et des modules raccord\u00e9s.<\/p>\n<p><a href=\"http:\/\/www.amfm53.org\/wp-content\/uploads\/2011\/04\/gare-junior-1det.jpg\"><img loading=\"lazy\" decoding=\"async\" class=\"alignnone wp-image-833\" src=\"http:\/\/www.amfm53.org\/wp-content\/uploads\/2011\/04\/gare-junior-1det.jpg\" alt=\"gare junior (1)\" width=\"1014\" height=\"760\" srcset=\"https:\/\/www.amfm53.org\/wp-content\/uploads\/2011\/04\/gare-junior-1det.jpg 2816w, https:\/\/www.amfm53.org\/wp-content\/uploads\/2011\/04\/gare-junior-1det-300x225.jpg 300w, https:\/\/www.amfm53.org\/wp-content\/uploads\/2011\/04\/gare-junior-1det-1024x768.jpg 1024w, https:\/\/www.amfm53.org\/wp-content\/uploads\/2011\/04\/gare-junior-1det-150x112.jpg 150w, https:\/\/www.amfm53.org\/wp-content\/uploads\/2011\/04\/gare-junior-1det-400x300.jpg 400w\" sizes=\"auto, (max-width: 1014px) 100vw, 1014px\" \/><\/a><\/p>\n<p><a href=\"http:\/\/www.amfm53.org\/wp-content\/uploads\/2013\/06\/gare-junior-4det.jpg\"><img loading=\"lazy\" decoding=\"async\" class=\"alignnone wp-image-828\" src=\"http:\/\/www.amfm53.org\/wp-content\/uploads\/2013\/06\/gare-junior-4det.jpg\" alt=\"gare junior (4)det\" width=\"1014\" height=\"760\" srcset=\"https:\/\/www.amfm53.org\/wp-content\/uploads\/2013\/06\/gare-junior-4det.jpg 2816w, https:\/\/www.amfm53.org\/wp-content\/uploads\/2013\/06\/gare-junior-4det-300x225.jpg 300w, https:\/\/www.amfm53.org\/wp-content\/uploads\/2013\/06\/gare-junior-4det-1024x768.jpg 1024w, https:\/\/www.amfm53.org\/wp-content\/uploads\/2013\/06\/gare-junior-4det-150x112.jpg 150w, https:\/\/www.amfm53.org\/wp-content\/uploads\/2013\/06\/gare-junior-4det-400x300.jpg 400w\" sizes=\"auto, (max-width: 1014px) 100vw, 1014px\" \/><\/a><\/p>\n<p>\u00a0<\/p>\n\n\t\t<style type=\"text\/css\">\n\t\t\t#gallery-1 {\n\t\t\t\tmargin: auto;\n\t\t\t}\n\t\t\t#gallery-1 .gallery-item {\n\t\t\t\tfloat: left;\n\t\t\t\tmargin-top: 10px;\n\t\t\t\ttext-align: center;\n\t\t\t\twidth: 33%;\n\t\t\t}\n\t\t\t#gallery-1 img {\n\t\t\t\tborder: 2px solid #cfcfcf;\n\t\t\t}\n\t\t\t#gallery-1 .gallery-caption {\n\t\t\t\tmargin-left: 0;\n\t\t\t}\n\t\t\t\/* see gallery_shortcode() in wp-includes\/media.php *\/\n\t\t<\/style>\n\t\t<div id='gallery-1' class='gallery galleryid-464 gallery-columns-3 gallery-size-thumbnail'><dl class='gallery-item'>\n\t\t\t<dt class='gallery-icon landscape'>\n\t\t\t\t<a href='https:\/\/www.amfm53.org\/?attachment_id=486'><img loading=\"lazy\" decoding=\"async\" width=\"150\" height=\"150\" src=\"https:\/\/www.amfm53.org\/wp-content\/uploads\/2011\/04\/junior10-150x150.jpg\" class=\"attachment-thumbnail size-thumbnail\" alt=\"\" \/><\/a>\n\t\t\t<\/dt><\/dl><dl class='gallery-item'>\n\t\t\t<dt class='gallery-icon landscape'>\n\t\t\t\t<a href='https:\/\/www.amfm53.org\/?attachment_id=489'><img loading=\"lazy\" decoding=\"async\" width=\"150\" height=\"150\" src=\"https:\/\/www.amfm53.org\/wp-content\/uploads\/2011\/04\/junior13-150x150.jpg\" class=\"attachment-thumbnail size-thumbnail\" alt=\"\" \/><\/a>\n\t\t\t<\/dt><\/dl><dl class='gallery-item'>\n\t\t\t<dt class='gallery-icon landscape'>\n\t\t\t\t<a href='https:\/\/www.amfm53.org\/?attachment_id=752'><img loading=\"lazy\" decoding=\"async\" width=\"150\" height=\"150\" src=\"https:\/\/www.amfm53.org\/wp-content\/uploads\/2011\/04\/junior1-4-150x150.jpg\" class=\"attachment-thumbnail size-thumbnail\" alt=\"\" \/><\/a>\n\t\t\t<\/dt><\/dl><br style=\"clear: both\" \/><dl class='gallery-item'>\n\t\t\t<dt class='gallery-icon landscape'>\n\t\t\t\t<a href='https:\/\/www.amfm53.org\/?attachment_id=754'><img loading=\"lazy\" decoding=\"async\" width=\"150\" height=\"150\" src=\"https:\/\/www.amfm53.org\/wp-content\/uploads\/2011\/04\/junior2-12-150x150.jpg\" class=\"attachment-thumbnail size-thumbnail\" alt=\"\" \/><\/a>\n\t\t\t<\/dt><\/dl>\n\t\t\t<br style='clear: both' \/>\n\t\t<\/div>\n\n<p>La gare Junior fait l&rsquo;objet d&rsquo;une profonde transformation pour fonctionner \u00e0 la fois en Digital et en Analogique. Le syst\u00e8me de commande des aiguilles a \u00e9t\u00e9 modifi\u00e9 pour qu&rsquo;il soit pilot\u00e9 par un module programmable Arduino. Celui-ci permet \u00e9galement de choisir soit l&rsquo;alimentation analogique en g\u00e9rant les coupures de voies, soit le mode digital via une centrale raccord\u00e9e au TCO.<\/p>\n<p><a href=\"http:\/\/www.amfm53.org\/wp-content\/uploads\/2011\/04\/2017-09-02-02-Module-Juniior-Digitalisation-Gare-r\u00e9duit.jpg\"><img loading=\"lazy\" decoding=\"async\" class=\"wp-image-1311 aligncenter\" src=\"http:\/\/www.amfm53.org\/wp-content\/uploads\/2011\/04\/2017-09-02-02-Module-Juniior-Digitalisation-Gare-r\u00e9duit.jpg\" alt=\"2017-09-02 (02) Module Juniior - Digitalisation Gare r\u00e9duit\" width=\"344\" height=\"459\" srcset=\"https:\/\/www.amfm53.org\/wp-content\/uploads\/2011\/04\/2017-09-02-02-Module-Juniior-Digitalisation-Gare-r\u00e9duit.jpg 768w, https:\/\/www.amfm53.org\/wp-content\/uploads\/2011\/04\/2017-09-02-02-Module-Juniior-Digitalisation-Gare-r\u00e9duit-225x300.jpg 225w, https:\/\/www.amfm53.org\/wp-content\/uploads\/2011\/04\/2017-09-02-02-Module-Juniior-Digitalisation-Gare-r\u00e9duit-113x150.jpg 113w, https:\/\/www.amfm53.org\/wp-content\/uploads\/2011\/04\/2017-09-02-02-Module-Juniior-Digitalisation-Gare-r\u00e9duit-400x533.jpg 400w\" sizes=\"auto, (max-width: 344px) 100vw, 344px\" \/><\/a> <a href=\"http:\/\/www.amfm53.org\/wp-content\/uploads\/2011\/04\/2017-09-02-03-Module-Juniior-Digitalisation-Gare-r\u00e9duit.jpg\"><img loading=\"lazy\" decoding=\"async\" class=\"wp-image-1312 aligncenter\" src=\"http:\/\/www.amfm53.org\/wp-content\/uploads\/2011\/04\/2017-09-02-03-Module-Juniior-Digitalisation-Gare-r\u00e9duit.jpg\" alt=\"2017-09-02 (03) Module Juniior - Digitalisation Gare r\u00e9duit\" width=\"339\" height=\"255\" srcset=\"https:\/\/www.amfm53.org\/wp-content\/uploads\/2011\/04\/2017-09-02-03-Module-Juniior-Digitalisation-Gare-r\u00e9duit.jpg 1280w, https:\/\/www.amfm53.org\/wp-content\/uploads\/2011\/04\/2017-09-02-03-Module-Juniior-Digitalisation-Gare-r\u00e9duit-300x225.jpg 300w, https:\/\/www.amfm53.org\/wp-content\/uploads\/2011\/04\/2017-09-02-03-Module-Juniior-Digitalisation-Gare-r\u00e9duit-1024x768.jpg 1024w, https:\/\/www.amfm53.org\/wp-content\/uploads\/2011\/04\/2017-09-02-03-Module-Juniior-Digitalisation-Gare-r\u00e9duit-150x113.jpg 150w, https:\/\/www.amfm53.org\/wp-content\/uploads\/2011\/04\/2017-09-02-03-Module-Juniior-Digitalisation-Gare-r\u00e9duit-400x300.jpg 400w\" sizes=\"auto, (max-width: 339px) 100vw, 339px\" \/><\/a><\/p>\n<p style=\"text-align: left;\">Les modules juniors s&rsquo;enrichissent d&rsquo;une voie m\u00e9trique. Pour rouler dessus des voitures voyageurs sont mont\u00e9es \u00e0 partir de kits du commerce.<\/p>\n<p><a href=\"http:\/\/www.amfm53.org\/wp-content\/uploads\/2019\/09\/2019-01-Voitures-M\u00e9trique-01.jpg\"><img loading=\"lazy\" decoding=\"async\" class=\"size-medium wp-image-1489 aligncenter\" src=\"http:\/\/www.amfm53.org\/wp-content\/uploads\/2019\/09\/2019-01-Voitures-M\u00e9trique-01-300x200.jpg\" alt=\"\" width=\"300\" height=\"200\" srcset=\"https:\/\/www.amfm53.org\/wp-content\/uploads\/2019\/09\/2019-01-Voitures-M\u00e9trique-01-300x200.jpg 300w, https:\/\/www.amfm53.org\/wp-content\/uploads\/2019\/09\/2019-01-Voitures-M\u00e9trique-01-768x512.jpg 768w, https:\/\/www.amfm53.org\/wp-content\/uploads\/2019\/09\/2019-01-Voitures-M\u00e9trique-01-1024x683.jpg 1024w, https:\/\/www.amfm53.org\/wp-content\/uploads\/2019\/09\/2019-01-Voitures-M\u00e9trique-01-150x100.jpg 150w, https:\/\/www.amfm53.org\/wp-content\/uploads\/2019\/09\/2019-01-Voitures-M\u00e9trique-01-400x267.jpg 400w, https:\/\/www.amfm53.org\/wp-content\/uploads\/2019\/09\/2019-01-Voitures-M\u00e9trique-01.jpg 1152w\" sizes=\"auto, (max-width: 300px) 100vw, 300px\" \/><\/a> <a href=\"http:\/\/www.amfm53.org\/wp-content\/uploads\/2019\/09\/2019-01-Voitures-M\u00e9trique-02.jpg\"><img loading=\"lazy\" decoding=\"async\" class=\"size-medium wp-image-1488 aligncenter\" src=\"http:\/\/www.amfm53.org\/wp-content\/uploads\/2019\/09\/2019-01-Voitures-M\u00e9trique-02-300x200.jpg\" alt=\"\" width=\"300\" height=\"200\" srcset=\"https:\/\/www.amfm53.org\/wp-content\/uploads\/2019\/09\/2019-01-Voitures-M\u00e9trique-02-300x200.jpg 300w, https:\/\/www.amfm53.org\/wp-content\/uploads\/2019\/09\/2019-01-Voitures-M\u00e9trique-02-768x512.jpg 768w, https:\/\/www.amfm53.org\/wp-content\/uploads\/2019\/09\/2019-01-Voitures-M\u00e9trique-02-1024x683.jpg 1024w, https:\/\/www.amfm53.org\/wp-content\/uploads\/2019\/09\/2019-01-Voitures-M\u00e9trique-02-150x100.jpg 150w, https:\/\/www.amfm53.org\/wp-content\/uploads\/2019\/09\/2019-01-Voitures-M\u00e9trique-02-400x267.jpg 400w, https:\/\/www.amfm53.org\/wp-content\/uploads\/2019\/09\/2019-01-Voitures-M\u00e9trique-02.jpg 1152w\" sizes=\"auto, (max-width: 300px) 100vw, 300px\" \/><\/a><\/p>\n\n\n<p><\/p>\n","protected":false},"excerpt":{"rendered":"<p> Destin\u00e9 \u00e0 mettre en pratique les techniques de mod\u00e9lisme chez les jeunes, le module junior repr\u00e9sente une voie ferr\u00e9e simple dans son environnement. Il est construit sur une base de 60 \u00e0 120 cm de long et d\u2019une profondeur de 40 cm. Des interfaces normalis\u00e9es permettent de le raccorder \u00e0 d\u2019autres modules juniors. <\/p>\n<p> [&#8230;]<\/p>\n","protected":false},"author":3,"featured_media":0,"parent":0,"menu_order":6,"comment_status":"open","ping_status":"open","template":"","meta":{"footnotes":""},"class_list":["post-464","page","type-page","status-publish","hentry","odd"],"_links":{"self":[{"href":"https:\/\/www.amfm53.org\/index.php?rest_route=\/wp\/v2\/pages\/464","targetHints":{"allow":["GET"]}}],"collection":[{"href":"https:\/\/www.amfm53.org\/index.php?rest_route=\/wp\/v2\/pages"}],"about":[{"href":"https:\/\/www.amfm53.org\/index.php?rest_route=\/wp\/v2\/types\/page"}],"author":[{"embeddable":true,"href":"https:\/\/www.amfm53.org\/index.php?rest_route=\/wp\/v2\/users\/3"}],"replies":[{"embeddable":true,"href":"https:\/\/www.amfm53.org\/index.php?rest_route=%2Fwp%2Fv2%2Fcomments&post=464"}],"version-history":[{"count":33,"href":"https:\/\/www.amfm53.org\/index.php?rest_route=\/wp\/v2\/pages\/464\/revisions"}],"predecessor-version":[{"id":1494,"href":"https:\/\/www.amfm53.org\/index.php?rest_route=\/wp\/v2\/pages\/464\/revisions\/1494"}],"wp:attachment":[{"href":"https:\/\/www.amfm53.org\/index.php?rest_route=%2Fwp%2Fv2%2Fmedia&parent=464"}],"curies":[{"name":"wp","href":"https:\/\/api.w.org\/{rel}","templated":true}]}}