{"id":44,"date":"2010-06-05T13:05:37","date_gmt":"2010-06-05T13:05:37","guid":{"rendered":"http:\/\/www.amfm53.org\/?page_id=44"},"modified":"2010-11-28T18:51:05","modified_gmt":"2010-11-28T18:51:05","slug":"le-reseau-de-base","status":"publish","type":"page","link":"https:\/\/www.amfm53.org\/?page_id=44","title":{"rendered":"Le r\u00e9seau aux 2 gares de Corbineau"},"content":{"rendered":"<p>Dans un paysage de plaine, au pied d\u2019un plateau, une voie unique dessert une petite gare de passage situ\u00e9e \u00e0 la sortie d\u2019un village dans une courbe de grand rayon.<\/p>\n<p>\u00a0Dans cette gare, la voie principale est d\u00e9doubl\u00e9e par une voie d\u2019\u00e9vitement,<\/p>\n<p>Tandis qu\u2019une voie en impasse reli\u00e9e \u00e0 un tiroir permet de desservir une halle \u00e0 marchandise.<\/p>\n<p>\u00a0La gare est le point de d\u00e9part d\u2019une voie unique atteignant une gare terminus situ\u00e9e sur le plateau en arri\u00e8re plan. D\u2019un cot\u00e9 de la gare, une bifurcation de la voie unique donne acc\u00e8s \u00e0 une voie de plaine passant sur une rivi\u00e8re puis se d\u00e9doublant en limite de r\u00e9seau.<\/p>\n<p>\u00a0De chaque cot\u00e9 de la gare, la voie principale dispara\u00eet sous un tunnel cachant un garage souterrain.<\/p>\n<p>Il s\u2019agit d\u2019un r\u00e9seau en boucle ind\u00e9formable construit sur 11 modules donnant un encombrement de 5 m sur 1.60 m. Deux modules suppl\u00e9mentaires le rallongeant de 2.5 m permettant de quitter ou d\u2019atteindre cette boucle et poss\u00e8dent des interfaces aux normes de la F.F.M.F afin de pouvoir le relier \u00e0 d\u2019autres modules en simple ou double voie.<\/p>\n<p>\u00a0Il est aliment\u00e9 et contr\u00f4l\u00e9 de fa\u00e7on autonome \u00e0 partir d\u2019un T.C.O (tableau de contr\u00f4le optique).<\/p>\n<p><a href=\"http:\/\/www.amfm53.org\/wp-content\/uploads\/2010\/05\/3.jpg\"><img loading=\"lazy\" decoding=\"async\" title=\"en gare de Corbineau\" src=\"http:\/\/www.amfm53.org\/wp-content\/uploads\/2010\/05\/3-300x201.jpg\" alt=\"\" width=\"300\" height=\"201\" \/><\/a><\/p>\n<p>Croisement de 2 trains de voyageurs\u00a0en gare de Corbineau-ville.\u00a0<\/p>\n<p><img loading=\"lazy\" decoding=\"async\" title=\"au d\u00e9marrage\" src=\"http:\/\/www.amfm53.org\/wp-content\/uploads\/2010\/05\/7-300x201.jpg\" alt=\"\" width=\"300\" height=\"201\" \/><\/p>\n<p>Un train de tr\u00e9mies \u00e0 c\u00e9r\u00e9ales traverse la gare de Corbineau-ville.<\/p>\n<p><a href=\"http:\/\/www.amfm53.org\/wp-content\/uploads\/2010\/05\/24.jpg\"><img loading=\"lazy\" decoding=\"async\" title=\"sous la halle\" src=\"http:\/\/www.amfm53.org\/wp-content\/uploads\/2010\/05\/24-300x201.jpg\" alt=\"\" width=\"300\" height=\"201\" \/><\/a><\/p>\n<p><strong>\u00a0<a href=\"http:\/\/www.amfm53.org\/wp-content\/uploads\/2010\/06\/reseau-base1.jpg\"><img loading=\"lazy\" decoding=\"async\" class=\"alignleft size-full wp-image-65\" title=\"reseau-base\" src=\"http:\/\/www.amfm53.org\/wp-content\/uploads\/2010\/06\/reseau-base1.jpg\" alt=\"\" width=\"900\" height=\"594\" srcset=\"https:\/\/www.amfm53.org\/wp-content\/uploads\/2010\/06\/reseau-base1.jpg 900w, https:\/\/www.amfm53.org\/wp-content\/uploads\/2010\/06\/reseau-base1-300x198.jpg 300w, https:\/\/www.amfm53.org\/wp-content\/uploads\/2010\/06\/reseau-base1-150x99.jpg 150w, https:\/\/www.amfm53.org\/wp-content\/uploads\/2010\/06\/reseau-base1-400x264.jpg 400w\" sizes=\"auto, (max-width: 900px) 100vw, 900px\" \/><\/a><\/strong><\/p>\n","protected":false},"excerpt":{"rendered":"<p>Dans un paysage de plaine, au pied d\u2019un plateau, une voie unique dessert une petite gare de passage situ\u00e9e \u00e0 la sortie d\u2019un village dans une courbe de grand rayon.<\/p>\n<p> Dans cette gare, la voie principale est d\u00e9doubl\u00e9e par une voie d\u2019\u00e9vitement,<\/p>\n<p>Tandis qu\u2019une voie en impasse reli\u00e9e \u00e0 un tiroir permet de desservir [&#8230;]<\/p>\n","protected":false},"author":3,"featured_media":0,"parent":5,"menu_order":0,"comment_status":"closed","ping_status":"open","template":"","meta":{"footnotes":""},"class_list":["post-44","page","type-page","status-publish","hentry","odd"],"_links":{"self":[{"href":"https:\/\/www.amfm53.org\/index.php?rest_route=\/wp\/v2\/pages\/44","targetHints":{"allow":["GET"]}}],"collection":[{"href":"https:\/\/www.amfm53.org\/index.php?rest_route=\/wp\/v2\/pages"}],"about":[{"href":"https:\/\/www.amfm53.org\/index.php?rest_route=\/wp\/v2\/types\/page"}],"author":[{"embeddable":true,"href":"https:\/\/www.amfm53.org\/index.php?rest_route=\/wp\/v2\/users\/3"}],"replies":[{"embeddable":true,"href":"https:\/\/www.amfm53.org\/index.php?rest_route=%2Fwp%2Fv2%2Fcomments&post=44"}],"version-history":[{"count":20,"href":"https:\/\/www.amfm53.org\/index.php?rest_route=\/wp\/v2\/pages\/44\/revisions"}],"predecessor-version":[{"id":947,"href":"https:\/\/www.amfm53.org\/index.php?rest_route=\/wp\/v2\/pages\/44\/revisions\/947"}],"up":[{"embeddable":true,"href":"https:\/\/www.amfm53.org\/index.php?rest_route=\/wp\/v2\/pages\/5"}],"wp:attachment":[{"href":"https:\/\/www.amfm53.org\/index.php?rest_route=%2Fwp%2Fv2%2Fmedia&parent=44"}],"curies":[{"name":"wp","href":"https:\/\/api.w.org\/{rel}","templated":true}]}}