{"id":204,"date":"2010-10-02T16:03:57","date_gmt":"2010-10-02T16:03:57","guid":{"rendered":"http:\/\/www.amfm53.org\/?page_id=204"},"modified":"2026-03-11T20:19:28","modified_gmt":"2026-03-11T20:19:28","slug":"lexposition-2011","status":"publish","type":"page","link":"https:\/\/www.amfm53.org\/?page_id=204","title":{"rendered":"L&rsquo;Exposition 2011"},"content":{"rendered":"<p><strong><em><a title=\"Affiche &quot;LAVAL F\u00eate le Train&quot;\" href=\"http:\/\/www.amfm53.org\/wp-content\/uploads\/2010\/10\/affiche.jpg\" target=\"_blank\" rel=\"noopener\">\u00ab\u00a0LAVAL F\u00eate le Train<\/a>&nbsp; les 29 et 30 janvier 2011<\/em><\/strong> \u00a0\u00bb<\/p>\n<p>L&rsquo;\u00e9venement de l&rsquo;ann\u00e9e 2011 \u00e0 LAVAL, plus de 30 exposants de toute la france, professionnels et artisans \u00e9taient au rendez-vous.<\/p>\n<p>Plus de 4500 visiteurs sont venus voyager dans les all\u00e9es de :<\/p>\n<p style=\"text-align: center;\"><a href=\"http:\/\/www.amfm53.org\/wp-content\/uploads\/2010\/10\/affiche-page-web-+logo.jpg\"><img loading=\"lazy\" decoding=\"async\" class=\"size-full wp-image-247 aligncenter\" title=\"affiche page web +logo\" src=\"http:\/\/www.amfm53.org\/wp-content\/uploads\/2010\/10\/affiche-page-web-+logo.jpg\" alt=\"\" width=\"167\" height=\"227\"><\/a><\/p>\n<p><strong>Voir les photos en bas de page<\/strong><\/p>\n<p>Liste des professionnels :<\/p>\n<ul>\n<li>LR PRESSE<\/li>\n<li>\n<div style=\"text-align: left;\">LAURENT POUJOULA<\/div>\n<\/li>\n<li>\n<div style=\"text-align: left;\">PIERRE DOMINIQUE<\/div>\n<\/li>\n<li>\n<div style=\"text-align: left;\">MULTIREX<\/div>\n<\/li>\n<li>\n<div style=\"text-align: left;\">JOUTS EN VRAC<\/div>\n<\/li>\n<li>\n<div style=\"text-align: left;\">L&rsquo;OMNIBUS<\/div>\n<\/li>\n<li>\n<div style=\"text-align: left;\">AMRF<\/div>\n<\/li>\n<li>\n<div style=\"text-align: left;\">ZEBULON VPC<\/div>\n<\/li>\n<li>REGION 4<\/li>\n<li><em>TRICASTIN MINIATURES<\/em><\/li>\n<li>PATRICK LATAIX<\/li>\n<\/ul>\n<p>Listes des exposants:<\/p>\n<ul>\n<li>Association des Mod\u00e9listes Ferroviaires du Centre (d\u00e9partement 45)<\/li>\n<li>Association des Mod\u00e9listes Ferroviaires de la Mayenne: <span style=\"color: #ff0000;\">club organisateur <\/span>(d\u00e9pt 53)<\/li>\n<li>AMFM expo photos (anciennes lignes \u00e0 voie m\u00e9trique de la Mayenne)<\/li>\n<li>Amicale La\u00efque de Caudan (d\u00e9partement 56)<\/li>\n<li>Aumand Jean-Michel (d\u00e9partement 49)<\/li>\n<li>Busson David (d\u00e9partement 72)<\/li>\n<li>Cantaloube Jean (d\u00e9partement 35)<\/li>\n<li>Juniors du Rail (d\u00e9partements 72, 28, 44, 53)<\/li>\n<li>Gobbey Fran\u00e7ois (d\u00e9partement 45)<\/li>\n<li>La biscuiterie Jeannette (d\u00e9partement 53) <span style=\"color: #ff0000;\">membre <\/span><span style=\"color: #ff0000;\">club<\/span> <span style=\"color: #ff0000;\">organisateur<\/span><\/li>\n<li>La Traction Coutan\u00e7aise (d\u00e9partement 50)<\/li>\n<li>Lecoursonnais Michel (d\u00e9partement 35)<\/li>\n<li>Lesaux Alain (d\u00e9partement 72)<\/li>\n<li>Limousin Eric et Antoine (d\u00e9partement 49)<\/li>\n<li>Littorail 76 (d\u00e9partement 76)<\/li>\n<li>Mini Rail du Bourny (d\u00e9partement 53)<\/li>\n<li>Mourlhou Alain (d\u00e9partement 91)<\/li>\n<li>Moyse Christian (d\u00e9partement 49)<\/li>\n<li>Muratore Jean-Pierre (d\u00e9partement 53)<span style=\"color: #ff0000;\"> membre club organisateur<\/span><\/li>\n<li>Page Jean-Yves (d\u00e9partement 37)<\/li>\n<li>Plisson Jean-Fran\u00e7ois et C\u00e9dric Charles&nbsp;(d\u00e9partement 37)<\/li>\n<li>Pinat Andr\u00e9 (d\u00e9partement 45)<\/li>\n<li>Rail 86 (d\u00e9partement 86)<\/li>\n<li>Rail Miniature d&rsquo;Allaire (d\u00e9partement 56)<\/li>\n<\/ul>\n<div class=\"flagallery phantom_skin\" id=\"FlaGallery_sc1_4\" ><style type=\"text\/css\" class=\"flagallery_skin_style_import\">#FlaGallery_sc1_4 .flagPhantom_ThumbContainer {width:200px; height:180px;}#FlaGallery_sc1_4 .flagPhantom_MobileView .flagPhantom_ThumbContainer {width:150px; height:135px;}#FlaGallery_sc1_4 .flagPhantom_Container {margin-left:auto;margin-right:auto;}#FlaGallery_sc1_4 .flagPhantom_ThumbContainer {margin:8px 0 0 8px;}#FlaGallery_sc1_4 .flagPhantom_ThumbContainer {padding:2px;}#FlaGallery_sc1_4 .flagPhantom_LabelBottom .flagPhantom_ThumbContainer {padding-bottom:36px;}#FlaGallery_sc1_4 .flagPhantom_ThumbContainer,#FlaGallery_sc1_4 .flagPhantom_LabelBottom .flagPhantom_ThumbLabel {background-color:#ffffff;}#FlaGallery_sc1_4 .flagPhantom_ThumbContainer .flagPhantom_Thumb {opacity:0.9;}#FlaGallery_sc1_4 .flagPhantom_ThumbContainer:hover .flagPhantom_Thumb {opacity:1;}#FlaGallery_sc1_4 .flagPhantom_ThumbContainer {border:1px solid #cccccc;}#FlaGallery_sc1_4 .flagPhantom_ThumbContainer {box-shadow:0 0 5px -2px #cccccc;}#FlaGallery_sc1_4 .flagPhantom_ThumbLabel {color:#0b0b0b;}#FlaGallery_sc1_4 .flagPhantom_ThumbLabel a {color:#3695E7;}#FlaGallery_sc1_4 .flagPhantom_LabelInside .flagPhantom_ThumbLabel,#FlaGallery_sc1_4 .flagPhantom_LabelHover .flagPhantom_ThumbLabel {color:#ffffff;}#FlaGallery_sc1_4 .flagPhantom_LabelInside .flagPhantom_ThumbLabel a,#FlaGallery_sc1_4 .flagPhantom_LabelHover .flagPhantom_ThumbLabel a,#FlaGallery_sc1_4 .flagPhantom_LabelInside .flagPhantom_ThumbLabel a:hover,#FlaGallery_sc1_4 .flagPhantom_LabelHover .flagPhantom_ThumbLabel a:hover {color:#e7e179;}<\/style> <div class=\"flagPhantom_Container noLightbox\" style=\"opacity:0\"> <h3>expo 2011<\/h3> <div class=\"flagPhantom_thumbsWrapper flagPhantom_ThumbScale flagPhantom_LabelHover\"> <\/div> <\/div> <script type=\"text\/javascript\"> jQuery(function(){ var settings = {\"maxheight\":\"0\",\"thumbCols\":\"0\",\"thumbRows\":\"0\",\"thumbsNavigation\":\"scroll\",\"bgColor\":\"#035112\",\"bgAlpha\":\"0\",\"thumbWidth\":\"200\",\"thumbHeight\":\"180\",\"thumbWidthMobile\":\"150\",\"thumbHeightMobile\":\"135\",\"thumbsSpacing\":\"8\",\"thumbsVerticalPadding\":\"4\",\"thumbsHorizontalPadding\":\"4\",\"thumbsAlign\":\"center\",\"thumbScale\":\"1\",\"thumbBG\":\"#ffffff\",\"thumbAlpha\":\"90\",\"thumbAlphaHover\":\"100\",\"thumbBorderSize\":\"1\",\"thumbBorderColor\":\"#cccccc\",\"thumbPadding\":\"2\",\"thumbsInfo\":\"label\",\"labelOnHover\":\"1\",\"labelTextColor\":\"#ffffff\",\"labelLinkColor\":\"#e7e179\",\"label8TextColor\":\"#0b0b0b\",\"label8LinkColor\":\"#3695E7\",\"tooltipTextColor\":\"#0b0b0b\",\"tooltipBgColor\":\"#ffffff\",\"tooltipStrokeColor\":\"#000000\",\"lightboxControlsColor\":\"#ffffff\",\"lightboxTitleColor\":\"#f3f3f3\",\"lightboxTextColor\":\"#f3f3f3\",\"lightboxBGColor\":\"#0b0b0b\",\"lightboxBGAlpha\":\"80\",\"socialShareEnabled\":\"0\",\"deepLinks\":\"1\",\"sidebarBGColor\":\"#ffffff\",\"lightbox800HideArrows\":\"0\",\"viewsEnabled\":\"0\",\"likesEnabled\":\"0\",\"thumb2link\":\"0\",\"show_title\":\"1\",\"initRPdelay\":\"200\",\"key\":\"\",\"name\":\"\",\"mfp_css\":\"\\r\\n#mfp_gm_sc1_4 .mfp-arrow-right:after,\\r\\n#mfp_gm_sc1_4 .mfp-arrow-right .mfp-a {border-left-color:#ffffff;}\\r\\n#mfp_gm_sc1_4 .mfp-arrow-left:after,\\r\\n#mfp_gm_sc1_4 .mfp-arrow-left .mfp-a {border-right-color:#ffffff;}\\r\\n#mfp_gm_sc1_4 .mfp-close,\\r\\n#mfp_gm_sc1_4 .mfp-likes,\\r\\n#mfp_gm_sc1_4 .mfp-share {color:#ffffff;}\\r\\n#mfp_gm_sc1_4 .mfp-preloader {background-color:#ffffff;}\\r\\n#mfp_gm_sc1_4 .flagPhantom_title,\\r\\n#mfp_gm_sc1_4 .mfp-counter {color:#f3f3f3;}\\r\\n#mfp_gm_sc1_4 .flagPhantom_text {color:#f3f3f3;}\\r\\n#mfp_gm_sc1_4_bg.mfp-bg {background-color:#0b0b0b;}\\r\\n#mfp_gm_sc1_4_bg.mfp-bg {opacity:0.8;}\\r\\n#mfp_gm_sc1_4_bg.mfp-zoom-in.mfp-bg {opacity:0}\\r\\n#mfp_gm_sc1_4_bg.mfp-zoom-in.mfp-ready.mfp-bg {opacity:0.8;}\\r\\n#mfp_gm_sc1_4_bg.mfp-zoom-in.mfp-removing.mfp-bg {opacity:0}\"}; jQuery('#FlaGallery_sc1_4').flagPhantom([settings]); }); <\/script><\/div><noscript id=\"noscript_FlaGallery_sc1_4\"><\/noscript>\n","protected":false},"excerpt":{"rendered":"<p>\u00ab LAVAL F\u00eate le Train&nbsp; les 29 et 30 janvier 2011 \u00bb<\/p>\n<p>L&rsquo;\u00e9venement de l&rsquo;ann\u00e9e 2011 \u00e0 LAVAL, plus de 30 exposants de toute la france, professionnels et artisans \u00e9taient au rendez-vous.<\/p>\n<p>Plus de 4500 visiteurs sont venus voyager dans les all\u00e9es de :<\/p>\n<p style=\"text-align: center;\">\n<p>Voir les photos en bas de page<\/p>\n<p>Liste [&#8230;]<\/p>\n","protected":false},"author":3,"featured_media":0,"parent":8,"menu_order":9,"comment_status":"closed","ping_status":"closed","template":"","meta":{"footnotes":""},"class_list":["post-204","page","type-page","status-publish","hentry","odd"],"_links":{"self":[{"href":"https:\/\/www.amfm53.org\/index.php?rest_route=\/wp\/v2\/pages\/204","targetHints":{"allow":["GET"]}}],"collection":[{"href":"https:\/\/www.amfm53.org\/index.php?rest_route=\/wp\/v2\/pages"}],"about":[{"href":"https:\/\/www.amfm53.org\/index.php?rest_route=\/wp\/v2\/types\/page"}],"author":[{"embeddable":true,"href":"https:\/\/www.amfm53.org\/index.php?rest_route=\/wp\/v2\/users\/3"}],"replies":[{"embeddable":true,"href":"https:\/\/www.amfm53.org\/index.php?rest_route=%2Fwp%2Fv2%2Fcomments&post=204"}],"version-history":[{"count":45,"href":"https:\/\/www.amfm53.org\/index.php?rest_route=\/wp\/v2\/pages\/204\/revisions"}],"predecessor-version":[{"id":1821,"href":"https:\/\/www.amfm53.org\/index.php?rest_route=\/wp\/v2\/pages\/204\/revisions\/1821"}],"up":[{"embeddable":true,"href":"https:\/\/www.amfm53.org\/index.php?rest_route=\/wp\/v2\/pages\/8"}],"wp:attachment":[{"href":"https:\/\/www.amfm53.org\/index.php?rest_route=%2Fwp%2Fv2%2Fmedia&parent=204"}],"curies":[{"name":"wp","href":"https:\/\/api.w.org\/{rel}","templated":true}]}}