{"id":1914,"date":"2026-03-10T21:21:19","date_gmt":"2026-03-10T21:21:19","guid":{"rendered":"https:\/\/www.amfm53.org\/?page_id=1914"},"modified":"2026-03-11T20:37:27","modified_gmt":"2026-03-11T20:37:27","slug":"salon-du-train-miniature-2026","status":"publish","type":"page","link":"https:\/\/www.amfm53.org\/?page_id=1914","title":{"rendered":"Salon du Train Miniature 2026"},"content":{"rendered":"\n<p>Pour les 50 ans de l&rsquo;association, nous organisons une nouvelle \u00e9dition du Salon du Train Miniature de Laval. Celle-ci aura lieu le 3 et 4 octobre 2026 \u00e0 la salle polyvalente de Laval.<\/p>\n\n\n<div class=\"wp-block-image\">\n<figure class=\"aligncenter size-full\"><a href=\"http:\/\/www.amfm53.org\/wp-content\/uploads\/2010\/06\/Logo-AMFM-50-ans.jpg\"><img loading=\"lazy\" decoding=\"async\" width=\"455\" height=\"411\" src=\"http:\/\/www.amfm53.org\/wp-content\/uploads\/2010\/06\/Logo-AMFM-50-ans.jpg\" alt=\"\" class=\"wp-image-1911\" srcset=\"https:\/\/www.amfm53.org\/wp-content\/uploads\/2010\/06\/Logo-AMFM-50-ans.jpg 455w, https:\/\/www.amfm53.org\/wp-content\/uploads\/2010\/06\/Logo-AMFM-50-ans-300x271.jpg 300w, https:\/\/www.amfm53.org\/wp-content\/uploads\/2010\/06\/Logo-AMFM-50-ans-150x135.jpg 150w, https:\/\/www.amfm53.org\/wp-content\/uploads\/2010\/06\/Logo-AMFM-50-ans-400x361.jpg 400w\" sizes=\"auto, (max-width: 455px) 100vw, 455px\" \/><\/a><\/figure>\n<\/div>\n\n\n<p>Vous souhaitez participer en tant qu&rsquo;exposant, association touristique ou professionnel, vous pouvez t\u00e9l\u00e9charger un dossier ci-dessous. Retournez le nous au plus vite \u00e0 l&rsquo;adresse <a href=\"mailto:contact_exposants@amfm53.org\">contact_exposants@amfm53.org<\/a>. La s\u00e9lection des exposants aura lieu d\u00e9but avril. <\/p>\n\n\n\n<ul class=\"wp-block-list\">\n<li><a href=\"https:\/\/www.amfm53.org\/wp-content\/uploads\/2026\/03\/DOSSIER-CANDIDATURE-EXPOSANT-STM-LAVAL-2026.pdf\" data-type=\"attachment\" data-id=\"1923\">Dossier Exposant<\/a><\/li>\n\n\n\n<li><a href=\"https:\/\/www.amfm53.org\/wp-content\/uploads\/2026\/03\/DOSSIER-CANDIDATURE-TOURISTIQUE-STM-LAVAL-2026.pdf\" data-type=\"attachment\" data-id=\"1924\">Dossier Association Touristique<\/a><\/li>\n\n\n\n<li><a href=\"https:\/\/www.amfm53.org\/wp-content\/uploads\/2026\/03\/DOSSIER-PRE-INSCRIPTION-VENTE-STM-LAVAL-2026.pdf\" data-type=\"attachment\" data-id=\"1925\">Dossier Professionnel<\/a><\/li>\n<\/ul>\n\n\n\n<h2 class=\"wp-block-heading has-text-align-center\">Plan d&rsquo;acc\u00e8s au salon<\/h2>\n\n\n\n<p><iframe loading=\"lazy\" style=\"border: 0;\" src=\"https:\/\/www.google.com\/maps\/embed?pb=!1m14!1m8!1m3!1d1187.719558612749!2d-0.7710064836686075!3d48.06507520049377!3m2!1i1024!2i768!4f13.1!3m3!1m2!1s0x4808fdedbaef27c5%3A0x566b0dce3b5f6315!2sParking%20Place%20de%20Herc%C3%A9!5e0!3m2!1sfr!2sfr!4v1689509125117!5m2!1sfr!2sfr\" width=\"600\" height=\"450\" allowfullscreen=\"allowfullscreen\"><\/iframe><\/p>\n\n\n\n<p><\/p>\n","protected":false},"excerpt":{"rendered":"\n<p>Pour les 50 ans de l&rsquo;association, nous organisons une nouvelle \u00e9dition du Salon du Train Miniature de Laval. Celle-ci aura lieu le 3 et 4 octobre 2026 \u00e0 la salle polyvalente de Laval.<\/p>\n<p>Vous souhaitez participer en tant qu&rsquo;exposant, association touristique ou professionnel, vous pouvez t\u00e9l\u00e9charger un dossier ci-dessous. Retournez le nous au plus [&#8230;]<\/p>\n","protected":false},"author":8,"featured_media":0,"parent":8,"menu_order":1,"comment_status":"closed","ping_status":"closed","template":"","meta":{"footnotes":""},"class_list":["post-1914","page","type-page","status-publish","hentry","odd"],"_links":{"self":[{"href":"https:\/\/www.amfm53.org\/index.php?rest_route=\/wp\/v2\/pages\/1914","targetHints":{"allow":["GET"]}}],"collection":[{"href":"https:\/\/www.amfm53.org\/index.php?rest_route=\/wp\/v2\/pages"}],"about":[{"href":"https:\/\/www.amfm53.org\/index.php?rest_route=\/wp\/v2\/types\/page"}],"author":[{"embeddable":true,"href":"https:\/\/www.amfm53.org\/index.php?rest_route=\/wp\/v2\/users\/8"}],"replies":[{"embeddable":true,"href":"https:\/\/www.amfm53.org\/index.php?rest_route=%2Fwp%2Fv2%2Fcomments&post=1914"}],"version-history":[{"count":7,"href":"https:\/\/www.amfm53.org\/index.php?rest_route=\/wp\/v2\/pages\/1914\/revisions"}],"predecessor-version":[{"id":1927,"href":"https:\/\/www.amfm53.org\/index.php?rest_route=\/wp\/v2\/pages\/1914\/revisions\/1927"}],"up":[{"embeddable":true,"href":"https:\/\/www.amfm53.org\/index.php?rest_route=\/wp\/v2\/pages\/8"}],"wp:attachment":[{"href":"https:\/\/www.amfm53.org\/index.php?rest_route=%2Fwp%2Fv2%2Fmedia&parent=1914"}],"curies":[{"name":"wp","href":"https:\/\/api.w.org\/{rel}","templated":true}]}}