{"id":1776,"date":"2023-07-16T08:50:30","date_gmt":"2023-07-16T08:50:30","guid":{"rendered":"http:\/\/www.amfm53.org\/?page_id=1776"},"modified":"2026-03-10T21:25:54","modified_gmt":"2026-03-10T21:25:54","slug":"salon-du-train-miniature-2023","status":"publish","type":"page","link":"https:\/\/www.amfm53.org\/?page_id=1776","title":{"rendered":"Salon du Train Miniature 2023"},"content":{"rendered":"\n<p>Au nom des membres de l&rsquo;association, je remercie tous nos visiteurs qui ont particip\u00e9 \u00e0 la r\u00e9ussite de ce salon. Vous avez \u00e9t\u00e9 un peu de plus de 3000 \u00e0 nous rendre visite et \u00e0 repartir avec le sourire. La qualit\u00e9 des r\u00e9seaux pr\u00e9sent\u00e9s et des stands professionnels comme associatifs y sont pour beaucoup. Merci \u00e0 tous nos exposants.<\/p>\n\n\n\n<p>Nous esp\u00e9rons vous revoir bient\u00f4t.<\/p>\n\n\n\n<p class=\"has-text-align-right\">Jean-Louis DECRAND &#8211; Pr\u00e9sident de l&rsquo;AMFM<\/p>\n\n\n<div class=\"wp-block-image\">\n<figure class=\"alignright size-large is-resized\"><a href=\"http:\/\/www.amfm53.org\/wp-content\/uploads\/2023\/07\/Affiche-Salon-2023-A4-24-06-2023.jpg\"><img loading=\"lazy\" decoding=\"async\" src=\"http:\/\/www.amfm53.org\/wp-content\/uploads\/2023\/07\/Affiche-Salon-2023-A4-24-06-2023-724x1024.jpg\" alt=\"Affiche 2023\" class=\"wp-image-1773\" width=\"370\" height=\"523\" srcset=\"https:\/\/www.amfm53.org\/wp-content\/uploads\/2023\/07\/Affiche-Salon-2023-A4-24-06-2023-724x1024.jpg 724w, https:\/\/www.amfm53.org\/wp-content\/uploads\/2023\/07\/Affiche-Salon-2023-A4-24-06-2023-212x300.jpg 212w, https:\/\/www.amfm53.org\/wp-content\/uploads\/2023\/07\/Affiche-Salon-2023-A4-24-06-2023-768x1086.jpg 768w, https:\/\/www.amfm53.org\/wp-content\/uploads\/2023\/07\/Affiche-Salon-2023-A4-24-06-2023-1086x1536.jpg 1086w, https:\/\/www.amfm53.org\/wp-content\/uploads\/2023\/07\/Affiche-Salon-2023-A4-24-06-2023-106x150.jpg 106w, https:\/\/www.amfm53.org\/wp-content\/uploads\/2023\/07\/Affiche-Salon-2023-A4-24-06-2023-400x566.jpg 400w, https:\/\/www.amfm53.org\/wp-content\/uploads\/2023\/07\/Affiche-Salon-2023-A4-24-06-2023.jpg 1240w\" sizes=\"auto, (max-width: 370px) 100vw, 370px\" \/><\/a><\/figure>\n<\/div>\n\n\n<figure class=\"wp-block-gallery has-nested-images columns-default is-cropped wp-block-gallery-1 is-layout-flex wp-block-gallery-is-layout-flex\"><div class=\"wp-block-image\">\n<figure class=\"aligncenter size-full\"><a href=\"https:\/\/www.laval.fr\/accueil\"><img loading=\"lazy\" decoding=\"async\" width=\"262\" height=\"165\" data-id=\"1785\" src=\"http:\/\/www.amfm53.org\/wp-content\/uploads\/2023\/07\/amfm-laval.jpg\" alt=\"\" class=\"wp-image-1785\" srcset=\"https:\/\/www.amfm53.org\/wp-content\/uploads\/2023\/07\/amfm-laval.jpg 262w, https:\/\/www.amfm53.org\/wp-content\/uploads\/2023\/07\/amfm-laval-150x94.jpg 150w\" sizes=\"auto, (max-width: 262px) 100vw, 262px\" \/><\/a><\/figure>\n<\/div>\n\n<div class=\"wp-block-image\">\n<figure class=\"aligncenter size-full\"><a href=\"https:\/\/www.mayenne.gouv.fr\/Actions-de-l-Etat\/Jeunesse-sport-education-vie-associative-et-culture\/Associations-et-benevolat\/Vie-associative\/Fonds-pour-le-developpement-de-la-vie-associative-FDVA\/Fonds-pour-le-developpement-de-la-vie-associative\"><img loading=\"lazy\" decoding=\"async\" width=\"200\" height=\"165\" data-id=\"1789\" src=\"http:\/\/www.amfm53.org\/wp-content\/uploads\/2023\/07\/amfm-fdva.jpg\" alt=\"\" class=\"wp-image-1789\" srcset=\"https:\/\/www.amfm53.org\/wp-content\/uploads\/2023\/07\/amfm-fdva.jpg 200w, https:\/\/www.amfm53.org\/wp-content\/uploads\/2023\/07\/amfm-fdva-150x124.jpg 150w\" sizes=\"auto, (max-width: 200px) 100vw, 200px\" \/><\/a><\/figure>\n<\/div>\n\n<div class=\"wp-block-image\">\n<figure class=\"aligncenter size-full\"><a href=\"https:\/\/www.mayenne.gouv.fr\/\"><img loading=\"lazy\" decoding=\"async\" width=\"200\" height=\"165\" data-id=\"1790\" src=\"http:\/\/www.amfm53.org\/wp-content\/uploads\/2023\/07\/amfm-prefet.jpg\" alt=\"\" class=\"wp-image-1790\" srcset=\"https:\/\/www.amfm53.org\/wp-content\/uploads\/2023\/07\/amfm-prefet.jpg 200w, https:\/\/www.amfm53.org\/wp-content\/uploads\/2023\/07\/amfm-prefet-150x124.jpg 150w\" sizes=\"auto, (max-width: 200px) 100vw, 200px\" \/><\/a><\/figure>\n<\/div>\n\n\n<figure class=\"wp-block-image size-full\"><a href=\"https:\/\/www.lamayenne.fr\/\"><img loading=\"lazy\" decoding=\"async\" width=\"244\" height=\"244\" data-id=\"1827\" src=\"http:\/\/www.amfm53.org\/wp-content\/uploads\/2023\/09\/logo_laMayenne_web.png\" alt=\"\" class=\"wp-image-1827\" srcset=\"https:\/\/www.amfm53.org\/wp-content\/uploads\/2023\/09\/logo_laMayenne_web.png 244w, https:\/\/www.amfm53.org\/wp-content\/uploads\/2023\/09\/logo_laMayenne_web-150x150.png 150w\" sizes=\"auto, (max-width: 244px) 100vw, 244px\" \/><\/a><\/figure>\n\n\n\n<figure class=\"wp-block-image size-full\"><a href=\"https:\/\/azar-models.com\/fr\/\"><img loading=\"lazy\" decoding=\"async\" width=\"383\" height=\"324\" data-id=\"1841\" src=\"http:\/\/www.amfm53.org\/wp-content\/uploads\/2023\/09\/AZAR-MODELS-logo-laval@3x-1.png\" alt=\"\" class=\"wp-image-1841\" srcset=\"https:\/\/www.amfm53.org\/wp-content\/uploads\/2023\/09\/AZAR-MODELS-logo-laval@3x-1.png 383w, https:\/\/www.amfm53.org\/wp-content\/uploads\/2023\/09\/AZAR-MODELS-logo-laval@3x-1-300x254.png 300w, https:\/\/www.amfm53.org\/wp-content\/uploads\/2023\/09\/AZAR-MODELS-logo-laval@3x-1-150x127.png 150w\" sizes=\"auto, (max-width: 383px) 100vw, 383px\" \/><\/a><\/figure>\n\n\n<div class=\"wp-block-image\">\n<figure class=\"aligncenter size-full\"><a href=\"https:\/\/www.mutuellemgc.fr\/\"><img loading=\"lazy\" decoding=\"async\" width=\"200\" height=\"165\" data-id=\"1786\" src=\"http:\/\/www.amfm53.org\/wp-content\/uploads\/2023\/07\/LOGO_MGC-1.jpg\" alt=\"\" class=\"wp-image-1786\" srcset=\"https:\/\/www.amfm53.org\/wp-content\/uploads\/2023\/07\/LOGO_MGC-1.jpg 200w, https:\/\/www.amfm53.org\/wp-content\/uploads\/2023\/07\/LOGO_MGC-1-150x124.jpg 150w\" sizes=\"auto, (max-width: 200px) 100vw, 200px\" \/><\/a><\/figure>\n<\/div>\n\n<div class=\"wp-block-image\">\n<figure class=\"aligncenter size-full\"><a href=\"https:\/\/www.domitys.fr\/residence-services-senior\/pays-de-la-loire\/mayenne-53\/louverne-le-clos-saint-martin-53\"><img loading=\"lazy\" decoding=\"async\" width=\"206\" height=\"108\" data-id=\"1788\" src=\"http:\/\/www.amfm53.org\/wp-content\/uploads\/2023\/07\/amfm-domitys2.jpg\" alt=\"\" class=\"wp-image-1788\" srcset=\"https:\/\/www.amfm53.org\/wp-content\/uploads\/2023\/07\/amfm-domitys2.jpg 206w, https:\/\/www.amfm53.org\/wp-content\/uploads\/2023\/07\/amfm-domitys2-150x79.jpg 150w\" sizes=\"auto, (max-width: 206px) 100vw, 206px\" \/><\/a><\/figure>\n<\/div>\n\n<div class=\"wp-block-image\">\n<figure class=\"aligncenter size-full\"><a href=\"https:\/\/www.europcar.fr\/fr-fr\/agences\/france\/laval\"><img loading=\"lazy\" decoding=\"async\" width=\"166\" height=\"73\" data-id=\"1787\" src=\"http:\/\/www.amfm53.org\/wp-content\/uploads\/2023\/07\/Europcar.jpg\" alt=\"\" class=\"wp-image-1787\" srcset=\"https:\/\/www.amfm53.org\/wp-content\/uploads\/2023\/07\/Europcar.jpg 166w, https:\/\/www.amfm53.org\/wp-content\/uploads\/2023\/07\/Europcar-150x66.jpg 150w\" sizes=\"auto, (max-width: 166px) 100vw, 166px\" \/><\/a><\/figure>\n<\/div><figcaption class=\"blocks-gallery-caption wp-element-caption\"><strong>Merci \u00e0 tous nos partenaires pour leur votre soutien !<\/strong><\/figcaption><\/figure>\n\n\n\n<p>Liste des exposants et plan de la salle &#8211; disponibles <a href=\"http:\/\/www.amfm53.org\/?page_id=1802\" data-type=\"page\" data-id=\"1802\">ici<\/a>.<\/p>\n\n\n\n<h2 class=\"wp-block-heading\">Plan d&rsquo;acc\u00e8s au salon<\/h2>\n\n\n<p><iframe src=\"https:\/\/www.google.com\/maps\/embed?pb=!1m14!1m8!1m3!1d1187.719558612749!2d-0.7710064836686075!3d48.06507520049377!3m2!1i1024!2i768!4f13.1!3m3!1m2!1s0x4808fdedbaef27c5%3A0x566b0dce3b5f6315!2sParking%20Place%20de%20Herc%C3%A9!5e0!3m2!1sfr!2sfr!4v1689509125117!5m2!1sfr!2sfr\" style=\"border:0;\" allowfullscreen=\"\" loading=\"lazy\" referrerpolicy=\"no-referrer-when-downgrade\" width=\"600\" height=\"450\"><\/iframe><\/p>","protected":false},"excerpt":{"rendered":"\n<p>Au nom des membres de l&rsquo;association, je remercie tous nos visiteurs qui ont particip\u00e9 \u00e0 la r\u00e9ussite de ce salon. Vous avez \u00e9t\u00e9 un peu de plus de 3000 \u00e0 nous rendre visite et \u00e0 repartir avec le sourire. La qualit\u00e9 des r\u00e9seaux pr\u00e9sent\u00e9s et des stands professionnels comme associatifs y sont pour beaucoup. [&#8230;]<\/p>\n","protected":false},"author":8,"featured_media":0,"parent":8,"menu_order":2,"comment_status":"closed","ping_status":"closed","template":"","meta":{"footnotes":""},"class_list":["post-1776","page","type-page","status-publish","hentry","odd"],"_links":{"self":[{"href":"https:\/\/www.amfm53.org\/index.php?rest_route=\/wp\/v2\/pages\/1776","targetHints":{"allow":["GET"]}}],"collection":[{"href":"https:\/\/www.amfm53.org\/index.php?rest_route=\/wp\/v2\/pages"}],"about":[{"href":"https:\/\/www.amfm53.org\/index.php?rest_route=\/wp\/v2\/types\/page"}],"author":[{"embeddable":true,"href":"https:\/\/www.amfm53.org\/index.php?rest_route=\/wp\/v2\/users\/8"}],"replies":[{"embeddable":true,"href":"https:\/\/www.amfm53.org\/index.php?rest_route=%2Fwp%2Fv2%2Fcomments&post=1776"}],"version-history":[{"count":16,"href":"https:\/\/www.amfm53.org\/index.php?rest_route=\/wp\/v2\/pages\/1776\/revisions"}],"predecessor-version":[{"id":1919,"href":"https:\/\/www.amfm53.org\/index.php?rest_route=\/wp\/v2\/pages\/1776\/revisions\/1919"}],"up":[{"embeddable":true,"href":"https:\/\/www.amfm53.org\/index.php?rest_route=\/wp\/v2\/pages\/8"}],"wp:attachment":[{"href":"https:\/\/www.amfm53.org\/index.php?rest_route=%2Fwp%2Fv2%2Fmedia&parent=1776"}],"curies":[{"name":"wp","href":"https:\/\/api.w.org\/{rel}","templated":true}]}}