{"id":1521,"date":"2020-01-21T21:33:10","date_gmt":"2020-01-21T21:33:10","guid":{"rendered":"http:\/\/www.amfm53.org\/?page_id=1521"},"modified":"2026-03-11T20:20:13","modified_gmt":"2026-03-11T20:20:13","slug":"salon-du-train-miniature-2020","status":"publish","type":"page","link":"https:\/\/www.amfm53.org\/?page_id=1521","title":{"rendered":"Salon du train miniature 2020"},"content":{"rendered":"<div class=\"wp-block-image\">\n<figure class=\"alignleft size-large is-resized\"><img loading=\"lazy\" decoding=\"async\" src=\"http:\/\/www.amfm53.org\/wp-content\/uploads\/2020\/04\/Affiche-Salon-2020-report\u00e9-724x1024.jpg\" alt=\"\" class=\"wp-image-1544\" width=\"201\" height=\"284\" srcset=\"https:\/\/www.amfm53.org\/wp-content\/uploads\/2020\/04\/Affiche-Salon-2020-report\u00e9-724x1024.jpg 724w, https:\/\/www.amfm53.org\/wp-content\/uploads\/2020\/04\/Affiche-Salon-2020-report\u00e9-212x300.jpg 212w, https:\/\/www.amfm53.org\/wp-content\/uploads\/2020\/04\/Affiche-Salon-2020-report\u00e9-768x1086.jpg 768w, https:\/\/www.amfm53.org\/wp-content\/uploads\/2020\/04\/Affiche-Salon-2020-report\u00e9-1086x1536.jpg 1086w, https:\/\/www.amfm53.org\/wp-content\/uploads\/2020\/04\/Affiche-Salon-2020-report\u00e9-106x150.jpg 106w, https:\/\/www.amfm53.org\/wp-content\/uploads\/2020\/04\/Affiche-Salon-2020-report\u00e9-400x566.jpg 400w, https:\/\/www.amfm53.org\/wp-content\/uploads\/2020\/04\/Affiche-Salon-2020-report\u00e9.jpg 1240w\" sizes=\"auto, (max-width: 201px) 100vw, 201px\" \/><\/figure>\n<\/div>\n\n\n<p>Vous souhaitez exposer un r\u00e9seau, prendre un stand : n&rsquo;h\u00e9sitez pas, contacter nous par mail \u00e0 l&rsquo;adresse <a href=\"mailto:contact_exposants@amfm53.org\">contact_exposants@amfm53.org<\/a>.<\/p>\n","protected":false},"excerpt":{"rendered":"\n<p>Vous souhaitez exposer un r\u00e9seau, prendre un stand : n&rsquo;h\u00e9sitez pas, contacter nous par mail \u00e0 l&rsquo;adresse contact_exposants@amfm53.org.<\/p>\n","protected":false},"author":8,"featured_media":0,"parent":8,"menu_order":6,"comment_status":"closed","ping_status":"closed","template":"","meta":{"footnotes":""},"class_list":["post-1521","page","type-page","status-publish","hentry","odd"],"_links":{"self":[{"href":"https:\/\/www.amfm53.org\/index.php?rest_route=\/wp\/v2\/pages\/1521","targetHints":{"allow":["GET"]}}],"collection":[{"href":"https:\/\/www.amfm53.org\/index.php?rest_route=\/wp\/v2\/pages"}],"about":[{"href":"https:\/\/www.amfm53.org\/index.php?rest_route=\/wp\/v2\/types\/page"}],"author":[{"embeddable":true,"href":"https:\/\/www.amfm53.org\/index.php?rest_route=\/wp\/v2\/users\/8"}],"replies":[{"embeddable":true,"href":"https:\/\/www.amfm53.org\/index.php?rest_route=%2Fwp%2Fv2%2Fcomments&post=1521"}],"version-history":[{"count":7,"href":"https:\/\/www.amfm53.org\/index.php?rest_route=\/wp\/v2\/pages\/1521\/revisions"}],"predecessor-version":[{"id":1748,"href":"https:\/\/www.amfm53.org\/index.php?rest_route=\/wp\/v2\/pages\/1521\/revisions\/1748"}],"up":[{"embeddable":true,"href":"https:\/\/www.amfm53.org\/index.php?rest_route=\/wp\/v2\/pages\/8"}],"wp:attachment":[{"href":"https:\/\/www.amfm53.org\/index.php?rest_route=%2Fwp%2Fv2%2Fmedia&parent=1521"}],"curies":[{"name":"wp","href":"https:\/\/api.w.org\/{rel}","templated":true}]}}