{"id":1450,"date":"2019-05-04T14:38:58","date_gmt":"2019-05-04T14:38:58","guid":{"rendered":"http:\/\/www.amfm53.org\/?page_id=1450"},"modified":"2019-05-11T19:49:23","modified_gmt":"2019-05-11T19:49:23","slug":"ligne-le-mans-rennes","status":"publish","type":"page","link":"https:\/\/www.amfm53.org\/?page_id=1450","title":{"rendered":"Ligne Le Mans Rennes"},"content":{"rendered":"\n<p>Deux ensembles de 5 modules repr\u00e9sentent 2 sites situ\u00e9s sur cette ligne, en Mayenne. Ce sont des modules \u00e9troits, 30 cm, donnant 2 ensembles de 6 m sur 0.30 m. L&rsquo;un est situ\u00e9 aux alentours de la gare de Neau, \u00e0 l&rsquo;Est de Laval, le 2\u00e8me est situ\u00e9 aux alentours de la gare de Port-Brillet \u00e0 l&rsquo;Ouest de Laval.<\/p>\n\n\n\n<div class=\"wp-block-image\"><figure class=\"alignleft is-resized\"><img loading=\"lazy\" decoding=\"async\" src=\"http:\/\/www.amfm53.org\/wp-content\/uploads\/2019\/05\/DSCN3525-1024x768.jpg\" alt=\"\" class=\"wp-image-1454\" width=\"768\" height=\"576\" srcset=\"https:\/\/www.amfm53.org\/wp-content\/uploads\/2019\/05\/DSCN3525-1024x768.jpg 1024w, https:\/\/www.amfm53.org\/wp-content\/uploads\/2019\/05\/DSCN3525-300x225.jpg 300w, https:\/\/www.amfm53.org\/wp-content\/uploads\/2019\/05\/DSCN3525-768x576.jpg 768w, https:\/\/www.amfm53.org\/wp-content\/uploads\/2019\/05\/DSCN3525-150x113.jpg 150w, https:\/\/www.amfm53.org\/wp-content\/uploads\/2019\/05\/DSCN3525-400x300.jpg 400w\" sizes=\"auto, (max-width: 768px) 100vw, 768px\" \/><figcaption>gare de Port-Brillet c\u00f4t\u00e9 cour<br><\/figcaption><\/figure><\/div>\n\n\n\n<p>Ces modules sont destin\u00e9s \u00e0 allonger les r\u00e9seaux en exposition, donnant plus de distance pour les circulations.<\/p>\n\n\n\n<figure class=\"wp-block-image is-resized\"><img loading=\"lazy\" decoding=\"async\" src=\"http:\/\/www.amfm53.org\/wp-content\/uploads\/2019\/05\/gare-port-brillet-1024x755.jpg\" alt=\"\" class=\"wp-image-1468\" width=\"775\" height=\"571\" srcset=\"https:\/\/www.amfm53.org\/wp-content\/uploads\/2019\/05\/gare-port-brillet-1024x755.jpg 1024w, https:\/\/www.amfm53.org\/wp-content\/uploads\/2019\/05\/gare-port-brillet-300x221.jpg 300w, https:\/\/www.amfm53.org\/wp-content\/uploads\/2019\/05\/gare-port-brillet-768x566.jpg 768w, https:\/\/www.amfm53.org\/wp-content\/uploads\/2019\/05\/gare-port-brillet-150x111.jpg 150w, https:\/\/www.amfm53.org\/wp-content\/uploads\/2019\/05\/gare-port-brillet-400x295.jpg 400w\" sizes=\"auto, (max-width: 775px) 100vw, 775px\" \/><figcaption>Gare de Port-Brillet c\u00f4t\u00e9 voies<\/figcaption><\/figure>\n\n\n\n<figure class=\"wp-block-image is-resized\"><img loading=\"lazy\" decoding=\"async\" src=\"http:\/\/www.amfm53.org\/wp-content\/uploads\/2019\/05\/gare-port-brillet2-1024x751.jpg\" alt=\"\" class=\"wp-image-1469\" width=\"760\" height=\"557\" srcset=\"https:\/\/www.amfm53.org\/wp-content\/uploads\/2019\/05\/gare-port-brillet2-1024x751.jpg 1024w, https:\/\/www.amfm53.org\/wp-content\/uploads\/2019\/05\/gare-port-brillet2-300x220.jpg 300w, https:\/\/www.amfm53.org\/wp-content\/uploads\/2019\/05\/gare-port-brillet2-768x563.jpg 768w, https:\/\/www.amfm53.org\/wp-content\/uploads\/2019\/05\/gare-port-brillet2-150x110.jpg 150w, https:\/\/www.amfm53.org\/wp-content\/uploads\/2019\/05\/gare-port-brillet2-400x293.jpg 400w\" sizes=\"auto, (max-width: 760px) 100vw, 760px\" \/><\/figure>\n\n\n\n<div class=\"wp-block-image\"><figure class=\"alignleft is-resized\"><img loading=\"lazy\" decoding=\"async\" src=\"http:\/\/www.amfm53.org\/wp-content\/uploads\/2019\/05\/DSCN3519-1024x768.jpg\" alt=\"\" class=\"wp-image-1455\" width=\"768\" height=\"576\" srcset=\"https:\/\/www.amfm53.org\/wp-content\/uploads\/2019\/05\/DSCN3519-1024x768.jpg 1024w, https:\/\/www.amfm53.org\/wp-content\/uploads\/2019\/05\/DSCN3519-300x225.jpg 300w, https:\/\/www.amfm53.org\/wp-content\/uploads\/2019\/05\/DSCN3519-768x576.jpg 768w, https:\/\/www.amfm53.org\/wp-content\/uploads\/2019\/05\/DSCN3519-150x113.jpg 150w, https:\/\/www.amfm53.org\/wp-content\/uploads\/2019\/05\/DSCN3519-400x300.jpg 400w\" sizes=\"auto, (max-width: 768px) 100vw, 768px\" \/><figcaption>la chapelle<br><\/figcaption><\/figure><\/div>\n","protected":false},"excerpt":{"rendered":"\n<p>Deux ensembles de 5 modules repr\u00e9sentent 2 sites situ\u00e9s sur cette ligne, en Mayenne. Ce sont des modules \u00e9troits, 30 cm, donnant 2 ensembles de 6 m sur 0.30 m. L&rsquo;un est situ\u00e9 aux alentours de la gare de Neau, \u00e0 l&rsquo;Est de Laval, le 2\u00e8me est situ\u00e9 aux alentours de la gare de [&#8230;]<\/p>\n","protected":false},"author":4,"featured_media":0,"parent":5,"menu_order":4,"comment_status":"closed","ping_status":"closed","template":"","meta":{"footnotes":""},"class_list":["post-1450","page","type-page","status-publish","hentry","odd"],"_links":{"self":[{"href":"https:\/\/www.amfm53.org\/index.php?rest_route=\/wp\/v2\/pages\/1450","targetHints":{"allow":["GET"]}}],"collection":[{"href":"https:\/\/www.amfm53.org\/index.php?rest_route=\/wp\/v2\/pages"}],"about":[{"href":"https:\/\/www.amfm53.org\/index.php?rest_route=\/wp\/v2\/types\/page"}],"author":[{"embeddable":true,"href":"https:\/\/www.amfm53.org\/index.php?rest_route=\/wp\/v2\/users\/4"}],"replies":[{"embeddable":true,"href":"https:\/\/www.amfm53.org\/index.php?rest_route=%2Fwp%2Fv2%2Fcomments&post=1450"}],"version-history":[{"count":8,"href":"https:\/\/www.amfm53.org\/index.php?rest_route=\/wp\/v2\/pages\/1450\/revisions"}],"predecessor-version":[{"id":1470,"href":"https:\/\/www.amfm53.org\/index.php?rest_route=\/wp\/v2\/pages\/1450\/revisions\/1470"}],"up":[{"embeddable":true,"href":"https:\/\/www.amfm53.org\/index.php?rest_route=\/wp\/v2\/pages\/5"}],"wp:attachment":[{"href":"https:\/\/www.amfm53.org\/index.php?rest_route=%2Fwp%2Fv2%2Fmedia&parent=1450"}],"curies":[{"name":"wp","href":"https:\/\/api.w.org\/{rel}","templated":true}]}}