{"id":13,"date":"2010-06-03T19:10:03","date_gmt":"2010-06-03T19:10:03","guid":{"rendered":"http:\/\/www.amfm53.org\/?page_id=13"},"modified":"2019-05-11T19:50:28","modified_gmt":"2019-05-11T19:50:28","slug":"presentation-2","status":"publish","type":"page","link":"https:\/\/www.amfm53.org\/?page_id=13","title":{"rendered":"Pr\u00e9sentation"},"content":{"rendered":"<p><strong><span style=\"text-decoration: underline;\">LE\u00a0 MOT\u00a0 DU\u00a0 PRESIDENT<\/span><\/strong><\/p>\n<p><strong>\u00a0<\/strong><\/p>\n<p>Depuis 1976, l\u2019Association des Mod\u00e9listes Ferroviaires de la Mayenne (association loi 1901 \u00e0 but non lucratif) en partenariat associatif avec la maison de quartier d\u2019Hilard et le CALNO (Comit\u00e9 d\u2019Animation Laval Nord Ouest), regroupe des passionn\u00e9s b\u00e9n\u00e9voles et amis du chemin de fer dont la volont\u00e9 est de faire conna\u00eetre et pratiquer le mod\u00e9lisme ferroviaire..<\/p>\n<p>Environ 30 membres partagent aujourd\u2019hui leur passion au sein du club.<\/p>\n<p><span style=\"text-decoration: underline;\">Notre association a pour objectif<\/span>\u00a0:<\/p>\n<p>De cr\u00e9er en commun ou individuellement des dioramas, des r\u00e9seaux \u00e0 partir de modules.<\/p>\n<p>De partager les id\u00e9es, les comp\u00e9tences de chaque membre.<\/p>\n<p>De participer \u00e0 des expositions de mod\u00e8les r\u00e9duits<\/p>\n<p>De former les jeunes avec des modules juniors.<\/p>\n<p>De promouvoir et d\u00e9velopper le mod\u00e9lisme ferroviaire.<\/p>\n<p>De d\u00e9couvrir des trains touristiques ou sites ferroviaires, visiter des expositions et bourses d&rsquo;\u00e9changes.<\/p>\n<p>Nous nous r\u00e9unissons 4 fois par mois selon un calendrier d\u00e9fini en d\u00e9but d\u2019ann\u00e9e : le jeudi soir ou le vendredi soir ou le samedi apr\u00e8s-midi.<\/p>\n<p><a href=\"http:\/\/www.amfm53.org\/?page_id=1090\">O\u00f9 nous trouver ?<\/a><\/p>\n","protected":false},"excerpt":{"rendered":"<p>LE MOT DU PRESIDENT<\/p>\n<\/p>\n<p>Depuis 1976, l\u2019Association des Mod\u00e9listes Ferroviaires de la Mayenne (association loi 1901 \u00e0 but non lucratif) en partenariat associatif avec la maison de quartier d\u2019Hilard et le CALNO (Comit\u00e9 d\u2019Animation Laval Nord Ouest), regroupe des passionn\u00e9s b\u00e9n\u00e9voles et amis du chemin de fer dont la volont\u00e9 est de faire [&#8230;]<\/p>\n","protected":false},"author":3,"featured_media":0,"parent":0,"menu_order":0,"comment_status":"closed","ping_status":"closed","template":"","meta":{"footnotes":""},"class_list":["post-13","page","type-page","status-publish","hentry","odd"],"_links":{"self":[{"href":"https:\/\/www.amfm53.org\/index.php?rest_route=\/wp\/v2\/pages\/13","targetHints":{"allow":["GET"]}}],"collection":[{"href":"https:\/\/www.amfm53.org\/index.php?rest_route=\/wp\/v2\/pages"}],"about":[{"href":"https:\/\/www.amfm53.org\/index.php?rest_route=\/wp\/v2\/types\/page"}],"author":[{"embeddable":true,"href":"https:\/\/www.amfm53.org\/index.php?rest_route=\/wp\/v2\/users\/3"}],"replies":[{"embeddable":true,"href":"https:\/\/www.amfm53.org\/index.php?rest_route=%2Fwp%2Fv2%2Fcomments&post=13"}],"version-history":[{"count":9,"href":"https:\/\/www.amfm53.org\/index.php?rest_route=\/wp\/v2\/pages\/13\/revisions"}],"predecessor-version":[{"id":1471,"href":"https:\/\/www.amfm53.org\/index.php?rest_route=\/wp\/v2\/pages\/13\/revisions\/1471"}],"wp:attachment":[{"href":"https:\/\/www.amfm53.org\/index.php?rest_route=%2Fwp%2Fv2%2Fmedia&parent=13"}],"curies":[{"name":"wp","href":"https:\/\/api.w.org\/{rel}","templated":true}]}}