{"id":1147,"date":"2016-06-14T19:49:12","date_gmt":"2016-06-14T19:49:12","guid":{"rendered":"http:\/\/www.amfm53.org\/?page_id=1147"},"modified":"2016-10-02T19:52:01","modified_gmt":"2016-10-02T19:52:01","slug":"salon-2016-informations-pratiques","status":"publish","type":"page","link":"https:\/\/www.amfm53.org\/?page_id=1147","title":{"rendered":"Salon 2016 &#8211; Informations pratiques"},"content":{"rendered":"<p>Le salon se d\u00e9roulera dans la salle polyvalente, place de Herc\u00e9 \u00e0 Laval.<\/p>\n<p>L&rsquo;entr\u00e9e est payante : 4 \u20ac sauf pour les enfants de moins de 10 ans, pour eux, c&rsquo;est gratuit !<\/p>\n<p>Le salon sera ouvert de 10h00 \u00e0 19h00 le samedi 8 octobre et de 10h00 \u00e0 18h00 le dimanche 9 octobre<\/p>\n<p>Restauration Rapide sur place (Saucisses, Frites, &#8230;)<\/p>\n<p><iframe loading=\"lazy\" style=\"border: 0;\" src=\"https:\/\/www.google.com\/maps\/embed?pb=!1m14!1m8!1m3!1d10665.348729976251!2d-0.7717498!3d48.0651342!3m2!1i1024!2i768!4f13.1!3m3!1m2!1s0x0%3A0xf2a69f579ba89c7d!2sSalle+polyvalente!5e0!3m2!1sfr!2sfr!4v1465933205909\" width=\"397\" height=\"397\" frameborder=\"0\" allowfullscreen=\"allowfullscreen\"><\/iframe><br \/>\nN&rsquo;h\u00e9sitez pas \u00e0 s\u00e9journer quelques jours \u00e0 Laval. Pour le logement, <a href=\"http:\/\/www.laval-tourisme.com\/\">Laval Tourisme<\/a> vous renseignera.<\/p>\n<p>Une aire de camping car est disponible pr\u00e8s du Viaduc SNCF, Rue du Vieux St Louis. La salle polyvalente se trouve \u00e0 20 minutes \u00e0 pied.<\/p>\n","protected":false},"excerpt":{"rendered":"<p>Le salon se d\u00e9roulera dans la salle polyvalente, place de Herc\u00e9 \u00e0 Laval.<\/p>\n<p>L&rsquo;entr\u00e9e est payante : 4 \u20ac sauf pour les enfants de moins de 10 ans, pour eux, c&rsquo;est gratuit !<\/p>\n<p>Le salon sera ouvert de 10h00 \u00e0 19h00 le samedi 8 octobre et de 10h00 \u00e0 18h00 le dimanche 9 octobre<\/p>\n<p>Restauration [&#8230;]<\/p>\n","protected":false},"author":8,"featured_media":0,"parent":1049,"menu_order":0,"comment_status":"closed","ping_status":"closed","template":"","meta":{"footnotes":""},"class_list":["post-1147","page","type-page","status-publish","hentry","odd"],"_links":{"self":[{"href":"https:\/\/www.amfm53.org\/index.php?rest_route=\/wp\/v2\/pages\/1147","targetHints":{"allow":["GET"]}}],"collection":[{"href":"https:\/\/www.amfm53.org\/index.php?rest_route=\/wp\/v2\/pages"}],"about":[{"href":"https:\/\/www.amfm53.org\/index.php?rest_route=\/wp\/v2\/types\/page"}],"author":[{"embeddable":true,"href":"https:\/\/www.amfm53.org\/index.php?rest_route=\/wp\/v2\/users\/8"}],"replies":[{"embeddable":true,"href":"https:\/\/www.amfm53.org\/index.php?rest_route=%2Fwp%2Fv2%2Fcomments&post=1147"}],"version-history":[{"count":7,"href":"https:\/\/www.amfm53.org\/index.php?rest_route=\/wp\/v2\/pages\/1147\/revisions"}],"predecessor-version":[{"id":1238,"href":"https:\/\/www.amfm53.org\/index.php?rest_route=\/wp\/v2\/pages\/1147\/revisions\/1238"}],"up":[{"embeddable":true,"href":"https:\/\/www.amfm53.org\/index.php?rest_route=\/wp\/v2\/pages\/1049"}],"wp:attachment":[{"href":"https:\/\/www.amfm53.org\/index.php?rest_route=%2Fwp%2Fv2%2Fmedia&parent=1147"}],"curies":[{"name":"wp","href":"https:\/\/api.w.org\/{rel}","templated":true}]}}