{"id":5,"date":"2010-05-20T19:49:46","date_gmt":"2010-05-20T19:49:46","guid":{"rendered":"http:\/\/www.amfm53.org\/?page_id=5"},"modified":"2019-05-04T14:24:26","modified_gmt":"2019-05-04T14:24:26","slug":"presentation","status":"publish","type":"page","link":"http:\/\/www.amfm53.org\/?page_id=5","title":{"rendered":"R\u00e9alisations"},"content":{"rendered":"<p style=\"text-align: left;\">Le Club dispose de diff\u00e9rents ensembles modulaires, mis en oeuvre par ses membres :<\/p>\n<p><span style=\"text-decoration: underline;\"><strong><a href=\"http:\/\/www.amfm53.org\/?page_id=44\" target=\"_self\" rel=\"noopener noreferrer\">Les gares de Corbineau-ville et Corbineau-terminus\u00a0:<\/a><\/strong><\/span><\/p>\n<p><a href=\"http:\/\/www.amfm53.org\/wp-content\/uploads\/2010\/05\/reseau1.jpg\"><img loading=\"lazy\" decoding=\"async\" class=\"alignnone  wp-image-735\" src=\"http:\/\/www.amfm53.org\/wp-content\/uploads\/2010\/05\/reseau1-1024x675.jpg\" alt=\"le village de Corbineau\" width=\"614\" height=\"405\" srcset=\"http:\/\/www.amfm53.org\/wp-content\/uploads\/2010\/05\/reseau1-1024x675.jpg 1024w, http:\/\/www.amfm53.org\/wp-content\/uploads\/2010\/05\/reseau1-300x197.jpg 300w, http:\/\/www.amfm53.org\/wp-content\/uploads\/2010\/05\/reseau1-150x98.jpg 150w, http:\/\/www.amfm53.org\/wp-content\/uploads\/2010\/05\/reseau1-400x263.jpg 400w, http:\/\/www.amfm53.org\/wp-content\/uploads\/2010\/05\/reseau1.jpg 1772w\" sizes=\"auto, (max-width: 614px) 100vw, 614px\" \/><\/a><\/p>\n<p style=\"text-align: left;\"><a href=\"http:\/\/www.amfm53.org\/?page_id=50\" target=\"_self\" rel=\"noopener noreferrer\"><strong>Le d\u00e9pot vapeur de Laval:<\/strong><\/a><br \/><span style=\"color: #000000;\">Maquette \u00e0 l&rsquo;\u00e9chelle HO du d\u00e9p\u00f4t vapeur de Laval tel qu&rsquo;il \u00e9tait en 1964 au temps de la vapeur.<\/span><\/p>\n<p><a href=\"http:\/\/www.amfm53.org\/wp-content\/uploads\/2010\/05\/depot11.jpg\"><img loading=\"lazy\" decoding=\"async\" class=\"size-medium wp-image-76 alignnone\" title=\"depot\" src=\"http:\/\/www.amfm53.org\/wp-content\/uploads\/2010\/05\/depot11-300x158.jpg\" alt=\"\" width=\"538\" height=\"293\" \/><\/a><\/p>\n<p style=\"text-align: left;\"><em>\u00a0<\/em><\/p>\n<p style=\"text-align: left;\"><em> \u00a0 \u00a0 \u00a0 \u00a0 \u00a0 \u00a0<\/em><\/p>\n<p><a href=\"http:\/\/www.amfm53.org\/wp-content\/uploads\/2010\/06\/d\u00e9pot-vue-g\u00e9n\u00e911.jpg\"><img loading=\"lazy\" decoding=\"async\" class=\"alignnone  wp-image-133\" src=\"http:\/\/www.amfm53.org\/wp-content\/uploads\/2010\/06\/d\u00e9pot-vue-g\u00e9n\u00e911.jpg\" alt=\"d\u00e9pot vue g\u00e9n\u00e9(1)\" width=\"898\" height=\"642\" srcset=\"http:\/\/www.amfm53.org\/wp-content\/uploads\/2010\/06\/d\u00e9pot-vue-g\u00e9n\u00e911.jpg 1600w, http:\/\/www.amfm53.org\/wp-content\/uploads\/2010\/06\/d\u00e9pot-vue-g\u00e9n\u00e911-300x214.jpg 300w, http:\/\/www.amfm53.org\/wp-content\/uploads\/2010\/06\/d\u00e9pot-vue-g\u00e9n\u00e911-1024x731.jpg 1024w, http:\/\/www.amfm53.org\/wp-content\/uploads\/2010\/06\/d\u00e9pot-vue-g\u00e9n\u00e911-150x107.jpg 150w, http:\/\/www.amfm53.org\/wp-content\/uploads\/2010\/06\/d\u00e9pot-vue-g\u00e9n\u00e911-400x285.jpg 400w\" sizes=\"auto, (max-width: 898px) 100vw, 898px\" \/><\/a><\/p>\n<p style=\"text-align: left;\"><span style=\"text-decoration: underline;\"><strong><span style=\"color: #3366ff;\">Les modules juniors:<\/span><\/strong><\/span><\/p>\n<p style=\"text-align: left;\">Les jeunes de l&rsquo;association se sont \u00e9galement mis au boulot. Deux modules sont termin\u00e9s, les suivants sont en travaux.<\/p>\n<p style=\"text-align: left;\"><em><a href=\"http:\/\/www.amfm53.org\/wp-content\/uploads\/2010\/05\/mod-junior1.jpg\"><img loading=\"lazy\" decoding=\"async\" class=\"alignnone size-full wp-image-126\" title=\"mod junior1\" src=\"http:\/\/www.amfm53.org\/wp-content\/uploads\/2010\/05\/mod-junior1.jpg\" alt=\"\" width=\"810\" height=\"608\" srcset=\"http:\/\/www.amfm53.org\/wp-content\/uploads\/2010\/05\/mod-junior1.jpg 900w, http:\/\/www.amfm53.org\/wp-content\/uploads\/2010\/05\/mod-junior1-300x225.jpg 300w, http:\/\/www.amfm53.org\/wp-content\/uploads\/2010\/05\/mod-junior1-150x112.jpg 150w, http:\/\/www.amfm53.org\/wp-content\/uploads\/2010\/05\/mod-junior1-400x300.jpg 400w\" sizes=\"auto, (max-width: 810px) 100vw, 810px\" \/><\/a><\/em><\/p>\n<p style=\"text-align: left;\"><strong><span style=\"text-decoration: underline;\"><a href=\"http:\/\/www.amfm53.org\/?page_id=80\" target=\"_self\" rel=\"noopener noreferrer\"><em>\u00a0<\/em>Le Viaduc de Moulay:<\/a><\/span><\/strong><\/p>\n<p style=\"text-align: left;\">Ensemble de 3 modules repr\u00e9sentant le viaduc sur l&rsquo;Aron \u00e0 Moulay, auquel a \u00e9t\u00e9 ajout\u00e9 un petit port fluvial desservi par une voie \u00e9troite.<\/p>\n<p style=\"text-align: left;\"><a href=\"http:\/\/www.amfm53.org\/wp-content\/uploads\/2010\/05\/viaduc1.jpg\"><img loading=\"lazy\" decoding=\"async\" class=\"alignnone  wp-image-815\" src=\"http:\/\/www.amfm53.org\/wp-content\/uploads\/2010\/05\/viaduc1.jpg\" alt=\"viaduc\" width=\"960\" height=\"720\" srcset=\"http:\/\/www.amfm53.org\/wp-content\/uploads\/2010\/05\/viaduc1.jpg 1200w, http:\/\/www.amfm53.org\/wp-content\/uploads\/2010\/05\/viaduc1-300x225.jpg 300w, http:\/\/www.amfm53.org\/wp-content\/uploads\/2010\/05\/viaduc1-1024x768.jpg 1024w, http:\/\/www.amfm53.org\/wp-content\/uploads\/2010\/05\/viaduc1-150x112.jpg 150w, http:\/\/www.amfm53.org\/wp-content\/uploads\/2010\/05\/viaduc1-400x300.jpg 400w\" sizes=\"auto, (max-width: 960px) 100vw, 960px\" \/><\/a><\/p>\n<p style=\"text-align: left;\"><span style=\"color: #3366ff;\"><strong>La coop\u00e9rative agricole :<br \/><\/strong><span style=\"color: #000000;\">C&rsquo;est un petit r\u00e9seau autonome, sur 4 modules, permettant un quart de tour. Il est raccordable aux autres ensembles. Il contient un embranchement particulier desservant une coop\u00e9rative agricole avec ses silos, ainsi qu&rsquo;une sabli\u00e8re desservie par une voie \u00e9troite.<\/span><\/span><\/p>\n<p style=\"text-align: left;\"><span style=\"color: #3366ff;\"><span style=\"color: #000000;\"><a href=\"http:\/\/www.amfm53.org\/wp-content\/uploads\/2010\/05\/silo3.jpg\"><img loading=\"lazy\" decoding=\"async\" class=\"alignnone size-large wp-image-503\" title=\"coop\u00e9rative\" src=\"http:\/\/www.amfm53.org\/wp-content\/uploads\/2010\/05\/silo3-1024x768.jpg\" alt=\"\" width=\"651\" height=\"473\" \/><\/a><\/span><\/span><\/p>\n<p style=\"text-align: left;\">Les boucles de retournement :<\/p>\n<p style=\"text-align: left;\">\u00a0 \u00a0 \u00a0 \u00a0 \u00a0 \u00a0La premi\u00e8re est situ\u00e9e sous un relief portant une ferme mayennaise<\/p>\n<p style=\"text-align: left;\"><a href=\"http:\/\/www.amfm53.org\/wp-content\/uploads\/2010\/05\/boucle1-9.jpg\"><img loading=\"lazy\" decoding=\"async\" class=\"alignnone size-full wp-image-738\" src=\"http:\/\/www.amfm53.org\/wp-content\/uploads\/2010\/05\/boucle1-9.jpg\" alt=\"boucle1 (9)\" width=\"900\" height=\"675\" srcset=\"http:\/\/www.amfm53.org\/wp-content\/uploads\/2010\/05\/boucle1-9.jpg 900w, http:\/\/www.amfm53.org\/wp-content\/uploads\/2010\/05\/boucle1-9-300x225.jpg 300w, http:\/\/www.amfm53.org\/wp-content\/uploads\/2010\/05\/boucle1-9-150x112.jpg 150w, http:\/\/www.amfm53.org\/wp-content\/uploads\/2010\/05\/boucle1-9-400x300.jpg 400w\" sizes=\"auto, (max-width: 900px) 100vw, 900px\" \/><\/a><\/p>\n<p style=\"text-align: left;\">\u00a0 \u00a0 \u00a0 \u00a0La seconde est laiss\u00e9e sans d\u00e9cor mais comporte 2 voies de garage<\/p>\n<p style=\"text-align: left;\"><a href=\"http:\/\/www.amfm53.org\/wp-content\/uploads\/2010\/05\/boucle2-7.jpg\"><img loading=\"lazy\" decoding=\"async\" class=\"alignnone size-full wp-image-740\" src=\"http:\/\/www.amfm53.org\/wp-content\/uploads\/2010\/05\/boucle2-7.jpg\" alt=\"boucle2 (7)\" width=\"900\" height=\"513\" srcset=\"http:\/\/www.amfm53.org\/wp-content\/uploads\/2010\/05\/boucle2-7.jpg 900w, http:\/\/www.amfm53.org\/wp-content\/uploads\/2010\/05\/boucle2-7-300x171.jpg 300w, http:\/\/www.amfm53.org\/wp-content\/uploads\/2010\/05\/boucle2-7-150x85.jpg 150w, http:\/\/www.amfm53.org\/wp-content\/uploads\/2010\/05\/boucle2-7-400x228.jpg 400w\" sizes=\"auto, (max-width: 900px) 100vw, 900px\" \/><\/a><\/p>\n<p>\u00a0<\/p>\n\n\n<p>La ligne Le Mans &#8211; Rennes en Mayenne<\/p>\n\n\n\n<p>2 ensembles de 5 modules repr\u00e9sentent 2 portions de ligne : Laval Est entre Le Mans et Laval aux alentours de Neau, et Laval Ouest entre Laval et Rennes aux alentours de la gare de Port-Brillet.<\/p>\n\n\n\n<figure class=\"wp-block-image\"><img loading=\"lazy\" decoding=\"async\" width=\"1024\" height=\"768\" src=\"http:\/\/www.amfm53.org\/wp-content\/uploads\/2019\/05\/DSCN3526-1-1024x768.jpg\" alt=\"\" class=\"wp-image-1446\" srcset=\"http:\/\/www.amfm53.org\/wp-content\/uploads\/2019\/05\/DSCN3526-1-1024x768.jpg 1024w, http:\/\/www.amfm53.org\/wp-content\/uploads\/2019\/05\/DSCN3526-1-300x225.jpg 300w, http:\/\/www.amfm53.org\/wp-content\/uploads\/2019\/05\/DSCN3526-1-768x576.jpg 768w, http:\/\/www.amfm53.org\/wp-content\/uploads\/2019\/05\/DSCN3526-1-150x113.jpg 150w, http:\/\/www.amfm53.org\/wp-content\/uploads\/2019\/05\/DSCN3526-1-400x300.jpg 400w\" sizes=\"auto, (max-width: 1024px) 100vw, 1024px\" \/><figcaption>la gare de Port-Brillet<\/figcaption><\/figure>\n","protected":false},"excerpt":{"rendered":"<p style=\"text-align: left;\">Le Club dispose de diff\u00e9rents ensembles modulaires, mis en oeuvre par ses membres :<\/p>\n<p>Les gares de Corbineau-ville et Corbineau-terminus :<\/p>\n<\/p>\n<p style=\"text-align: left;\">Le d\u00e9pot vapeur de Laval:Maquette \u00e0 l&rsquo;\u00e9chelle HO du d\u00e9p\u00f4t vapeur de Laval tel qu&rsquo;il \u00e9tait en 1964 au temps de la vapeur.<\/p>\n<\/p>\n<p style=\"text-align: left;\">\n<p [...] \n\n","protected":false},"author":3,"featured_media":0,"parent":0,"menu_order":2,"comment_status":"closed","ping_status":"closed","template":"","meta":{"footnotes":""},"class_list":["post-5","page","type-page","status-publish","hentry","odd"],"_links":{"self":[{"href":"http:\/\/www.amfm53.org\/index.php?rest_route=\/wp\/v2\/pages\/5","targetHints":{"allow":["GET"]}}],"collection":[{"href":"http:\/\/www.amfm53.org\/index.php?rest_route=\/wp\/v2\/pages"}],"about":[{"href":"http:\/\/www.amfm53.org\/index.php?rest_route=\/wp\/v2\/types\/page"}],"author":[{"embeddable":true,"href":"http:\/\/www.amfm53.org\/index.php?rest_route=\/wp\/v2\/users\/3"}],"replies":[{"embeddable":true,"href":"http:\/\/www.amfm53.org\/index.php?rest_route=%2Fwp%2Fv2%2Fcomments&post=5"}],"version-history":[{"count":47,"href":"http:\/\/www.amfm53.org\/index.php?rest_route=\/wp\/v2\/pages\/5\/revisions"}],"predecessor-version":[{"id":1443,"href":"http:\/\/www.amfm53.org\/index.php?rest_route=\/wp\/v2\/pages\/5\/revisions\/1443"}],"wp:attachment":[{"href":"http:\/\/www.amfm53.org\/index.php?rest_route=%2Fwp%2Fv2%2Fmedia&parent=5"}],"curies":[{"name":"wp","href":"https:\/\/api.w.org\/{rel}","templated":true}]}}