{"id":1802,"date":"2023-09-03T16:31:44","date_gmt":"2023-09-03T16:31:44","guid":{"rendered":"http:\/\/www.amfm53.org\/?page_id=1802"},"modified":"2023-09-12T16:56:28","modified_gmt":"2023-09-12T16:56:28","slug":"exposants-et-plan-de-salle","status":"publish","type":"page","link":"http:\/\/www.amfm53.org\/?page_id=1802","title":{"rendered":"Exposants et plan de salle"},"content":{"rendered":"<p>Voici la liste des exposants pour cette \u00e9dition 2023. Le plan est disponible <a href=\"#plandesalle\">en bas de page<\/a>.<\/p>\n\n\n<table id=\"tablepress-1\" class=\"tablepress tablepress-id-1\">\n<thead>\n<tr class=\"row-1\">\n\t<th class=\"column-1\">N\u00b0 stand<\/th><th class=\"column-2\">Echelle<\/th><th class=\"column-3\">Nom du stand<\/th><th class=\"column-4\">Nom<\/th>\n<\/tr>\n<\/thead>\n<tbody class=\"row-striping row-hover\">\n<tr class=\"row-2\">\n\t<td class=\"column-1\">1<\/td><td class=\"column-2\">H0<\/td><td class=\"column-3\">Grand r\u00e9seau AMFM<\/td><td class=\"column-4\">AMFM<\/td>\n<\/tr>\n<tr class=\"row-3\">\n\t<td class=\"column-1\">2<\/td><td class=\"column-2\">N<\/td><td class=\"column-3\">Port de Redon<\/td><td class=\"column-4\">Amicale Ferroviaire du Pays de Redon<\/td>\n<\/tr>\n<tr class=\"row-4\">\n\t<td class=\"column-1\">3<\/td><td class=\"column-2\">H0e<\/td><td class=\"column-3\">R\u00e9seau H0e<\/td><td class=\"column-4\">BLANDEL Fr\u00e9d\u00e9ric<\/td>\n<\/tr>\n<tr class=\"row-5\">\n\t<td class=\"column-1\">5<\/td><td class=\"column-2\">H0<\/td><td class=\"column-3\">BREIZH 35<\/td><td class=\"column-4\">CLEMENCEAU Patrick<\/td>\n<\/tr>\n<tr class=\"row-6\">\n\t<td class=\"column-1\">6<\/td><td class=\"column-2\">N<\/td><td class=\"column-3\">Sankou Ferry<\/td><td class=\"column-4\">DE MARTELAER Luc<\/td>\n<\/tr>\n<tr class=\"row-7\">\n\t<td class=\"column-1\">7<\/td><td class=\"column-2\">H0<\/td><td class=\"column-3\">R\u00e9seau de la Touraine<\/td><td class=\"column-4\">ARMCT<\/td>\n<\/tr>\n<tr class=\"row-8\">\n\t<td class=\"column-1\">8<\/td><td class=\"column-2\">N<\/td><td class=\"column-3\">Grand r\u00e9seau en N<\/td><td class=\"column-4\">Collectif Sc\u00e9Nic<\/td>\n<\/tr>\n<tr class=\"row-9\">\n\t<td class=\"column-1\">9<\/td><td class=\"column-2\">H0<\/td><td class=\"column-3\">Gare de Villefranche <\/td><td class=\"column-4\">Retz Loisir Mod\u00e9lisme Ferroviaire<\/td>\n<\/tr>\n<tr class=\"row-10\">\n\t<td class=\"column-1\">10<\/td><td class=\"column-2\">1\/35e<\/td><td class=\"column-3\">D\u00e9p\u00f4t voie \u00e9troite<\/td><td class=\"column-4\">FORCE G\u00e9rard<\/td>\n<\/tr>\n<tr class=\"row-11\">\n\t<td class=\"column-1\">11<\/td><td class=\"column-2\">H0e<\/td><td class=\"column-3\">Minist\u00e8re des r\u00e9gions lib\u00e9r\u00e9es<\/td><td class=\"column-4\">Minist\u00e8re des r\u00e9gions lib\u00e9r\u00e9es<\/td>\n<\/tr>\n<tr class=\"row-12\">\n\t<td class=\"column-1\">12<\/td><td class=\"column-2\">H0e<\/td><td class=\"column-3\">Anoroc les ponts<\/td><td class=\"column-4\">GALLE Catherine<\/td>\n<\/tr>\n<tr class=\"row-13\">\n\t<td class=\"column-1\">13<\/td><td class=\"column-2\">H0<\/td><td class=\"column-3\">Aurelle Pr\u00e9mont<\/td><td class=\"column-4\">GALLE THOMAS<\/td>\n<\/tr>\n<tr class=\"row-14\">\n\t<td class=\"column-1\">14<\/td><td class=\"column-2\">H0<\/td><td class=\"column-3\">R\u00e9seau Breton<\/td><td class=\"column-4\">Le train du Pl\u00e9lo<\/td>\n<\/tr>\n<tr class=\"row-15\">\n\t<td class=\"column-1\">15<\/td><td class=\"column-2\">H0<\/td><td class=\"column-3\">Station Eiffefe Ceinture <\/td><td class=\"column-4\">JOYAU Fran\u00e7ois<\/td>\n<\/tr>\n<tr class=\"row-16\">\n\t<td class=\"column-1\">16<\/td><td class=\"column-2\">0<\/td><td class=\"column-3\">Port Breizh<\/td><td class=\"column-4\">KEROURIO Jean-Claude<\/td>\n<\/tr>\n<tr class=\"row-17\">\n\t<td class=\"column-1\">17<\/td><td class=\"column-2\">0e 9<\/td><td class=\"column-3\">Les chata\u00eegniers<\/td><td class=\"column-4\">LECOURSONNAIS Michel<\/td>\n<\/tr>\n<tr class=\"row-18\">\n\t<td class=\"column-1\">18<\/td><td class=\"column-2\">H0e<\/td><td class=\"column-3\">de Loirat L&rsquo;Antique \u00e0 Port en Retz<\/td><td class=\"column-4\">Mini Rail Montagnard<\/td>\n<\/tr>\n<tr class=\"row-19\">\n\t<td class=\"column-1\">19<\/td><td class=\"column-2\">H0<\/td><td class=\"column-3\">Maurs la jolie<\/td><td class=\"column-4\">LORE Aur\u00e9lien<\/td>\n<\/tr>\n<tr class=\"row-20\">\n\t<td class=\"column-1\">21<\/td><td class=\"column-2\">H0<\/td><td class=\"column-3\">Arz sous Mez<\/td><td class=\"column-4\">MARTINEZ Jean-Yves<\/td>\n<\/tr>\n<tr class=\"row-21\">\n\t<td class=\"column-1\">22<\/td><td class=\"column-2\">N<\/td><td class=\"column-3\">R\u00e9seau Allemagne de l&rsquo;Ouest<\/td><td class=\"column-4\">MAS S\u00e9bastien<\/td>\n<\/tr>\n<tr class=\"row-22\">\n\t<td class=\"column-1\">23<\/td><td class=\"column-2\">0e<\/td><td class=\"column-3\">GroSbierdorf<\/td><td class=\"column-4\">Escadrille Saint Michel<\/td>\n<\/tr>\n<tr class=\"row-23\">\n\t<td class=\"column-1\">24<\/td><td class=\"column-2\">H0m<\/td><td class=\"column-3\">Surava<\/td><td class=\"column-4\">MURATORE Jean-Pierre<\/td>\n<\/tr>\n<tr class=\"row-24\">\n\t<td class=\"column-1\">25<\/td><td class=\"column-2\">H0e<\/td><td class=\"column-3\">Bourr\u00e9 (Bourg)<\/td><td class=\"column-4\">NOVEL CATIN NICOLAS<\/td>\n<\/tr>\n<tr class=\"row-25\">\n\t<td class=\"column-1\">26<\/td><td class=\"column-2\">N<\/td><td class=\"column-3\">Le viaduc de Viaur<\/td><td class=\"column-4\">PAGE Jean-Yves<\/td>\n<\/tr>\n<tr class=\"row-26\">\n\t<td class=\"column-1\">27<\/td><td class=\"column-2\">H0f<\/td><td class=\"column-3\">Pimbelles Carhye<\/td><td class=\"column-4\">VOYNET Isabelle<\/td>\n<\/tr>\n<tr class=\"row-27\">\n\t<td class=\"column-1\">28<\/td><td class=\"column-2\">Z<\/td><td class=\"column-3\">R\u00e9seau en N et valise en Z<\/td><td class=\"column-4\">RICHERIOUX Michel<\/td>\n<\/tr>\n<tr class=\"row-28\">\n\t<td class=\"column-1\">30<\/td><td class=\"column-2\">Z<\/td><td class=\"column-3\">divers r\u00e9seaux &#8211; micro \u00e9chelles <\/td><td class=\"column-4\">RIVIERE Michel<\/td>\n<\/tr>\n<tr class=\"row-29\">\n\t<td class=\"column-1\">31<\/td><td class=\"column-2\">H0<\/td><td class=\"column-3\">R\u00e9seau DECAUVILLE<\/td><td class=\"column-4\">RONDET Philippe<\/td>\n<\/tr>\n<tr class=\"row-30\">\n\t<td class=\"column-1\">32<\/td><td class=\"column-2\">H0m<\/td><td class=\"column-3\">R\u00e9seau p\u00e9dagogique digital<\/td><td class=\"column-4\">TURGIS Christophe<\/td>\n<\/tr>\n<tr class=\"row-31\">\n\t<td class=\"column-1\">33<\/td><td class=\"column-2\">0<\/td><td class=\"column-3\">Zoo du Z\u00e9ro<\/td><td class=\"column-4\">Collectif du 44<\/td>\n<\/tr>\n<tr class=\"row-32\">\n\t<td class=\"column-1\">34<\/td><td class=\"column-2\">H0<\/td><td class=\"column-3\">Louissac<\/td><td class=\"column-4\">Mod\u00e8le Rail Atlantique<\/td>\n<\/tr>\n<tr class=\"row-33\">\n\t<td class=\"column-1\">35<\/td><td class=\"column-2\">1\/50<\/td><td class=\"column-3\">R\u00e9seau am\u00e9ricain<\/td><td class=\"column-4\">DEVALL Paul<\/td>\n<\/tr>\n<tr class=\"row-34\">\n\t<td class=\"column-1\">36<\/td><td class=\"column-2\">1\/76<\/td><td class=\"column-3\">Astwood Junction<\/td><td class=\"column-4\">TOWERS Alan<\/td>\n<\/tr>\n<tr class=\"row-35\">\n\t<td class=\"column-1\">37<\/td><td class=\"column-2\">Lego<\/td><td class=\"column-3\">R\u00e9seau LEGO<\/td><td class=\"column-4\">ALBEAUX Christophe<\/td>\n<\/tr>\n<tr class=\"row-36\">\n\t<td class=\"column-1\">69<\/td><td class=\"column-2\">Z<\/td><td class=\"column-3\">Pont de Garabit<\/td><td class=\"column-4\">NAUROY Tristan<\/td>\n<\/tr>\n<tr class=\"row-37\">\n\t<td class=\"column-1\">70<\/td><td class=\"column-2\">H0<\/td><td class=\"column-3\">Trains de travaux<\/td><td class=\"column-4\">VALLEE Christian<\/td>\n<\/tr>\n<tr class=\"row-38\">\n\t<td class=\"column-1\">73<\/td><td class=\"column-2\">1\/87<\/td><td class=\"column-3\">Van Horn Yard<\/td><td class=\"column-4\">TOWERS Michael<\/td>\n<\/tr>\n<tr class=\"row-39\">\n\t<td class=\"column-1\">66<\/td><td class=\"column-2\">H0<\/td><td class=\"column-3\">R\u00e9seau Jeune<\/td><td class=\"column-4\">AMFM<\/td>\n<\/tr>\n<tr class=\"row-40\">\n\t<td class=\"column-1\">67<\/td><td class=\"column-2\"><\/td><td class=\"column-3\">MFAO (Mod. Ferro. Assist\u00e9 par Ordinateur)<\/td><td class=\"column-4\">FOUGER Fran\u00e7ois<\/td>\n<\/tr>\n<\/tbody>\n<\/table>\n<!-- #tablepress-1 from cache -->\n\n\n<p>Les Institutionnels :<\/p>\n\n\n\n<ul class=\"wp-block-list\">\n<li><strong><a href=\"http:\/\/www.ffmf.info\/\">F\u00e9d\u00e9ration Fran\u00e7aise de Mod\u00e9lisme Ferroviaire<\/a><\/strong> &#8211; Stand 68<\/li>\n<\/ul>\n\n\n\n<p>Les Associations :<\/p>\n\n\n\n<ul class=\"wp-block-list\">\n<li><a href=\"http:\/\/www.st-loup-du-gast.mairie53.fr\/le-velo-rail-de-saint-loup-du-gast\">Le v\u00e9lo rail de St Loup du Gast<\/a> &#8211; Stand 20<\/li>\n\n\n\n<li>FNAUT : <a href=\"http:\/\/www.fnaut.fr\/\">F\u00e9d\u00e9ration Nationale des Associations d&rsquo;Usagers des Transports<\/a> Stand 65<\/li>\n\n\n\n<li><a rel=\"noreferrer noopener\" href=\"http:\/\/www.petit-anjou.fr\/\" target=\"_blank\">Le Petit Anjou<\/a> &#8211; Stand 29<\/li>\n\n\n\n<li>AMFI : <a href=\"https:\/\/www.amfitrain.fr\/\" data-type=\"URL\" data-id=\"https:\/\/www.amfitrain.fr\/\">Amicale des Mod\u00e9listes Ferroviaires Ind\u00e9pendants<\/a> &#8211; Stand 4<\/li>\n<\/ul>\n\n\n\n<p>Les partenaires : <\/p>\n\n\n\n<ul class=\"wp-block-list\">\n<li><a href=\"https:\/\/www.mutuellemgc.fr\/\">Mutuelle G\u00e9n\u00e9rale des Cheminots<\/a> &#8211; Stand 71<\/li>\n\n\n\n<li><a href=\"https:\/\/www.domitys.fr\/residence-services-senior\/pays-de-la-loire\/mayenne-53\/louverne-le-clos-saint-martin-53\">Domitys<\/a> &#8211; Louvern\u00e9 &#8211; Stand 72<\/li>\n<\/ul>\n\n\n\n<p>Les Exposants Professionnels :<\/p>\n\n\n\n<table id=\"tablepress-2\" class=\"tablepress tablepress-id-2\">\n<thead>\n<tr class=\"row-1\">\n\t<th class=\"column-1\">N\u00b0 stand<\/th><th class=\"column-2\">Nom du stand<\/th><th class=\"column-3\">Description<\/th><th class=\"column-4\">Site Internet<\/th>\n<\/tr>\n<\/thead>\n<tbody class=\"row-striping row-hover\">\n<tr class=\"row-2\">\n\t<td class=\"column-1\">57<\/td><td class=\"column-2\">APOCOPA<\/td><td class=\"column-3\">Artisan\u00a0: Mat\u00e9riel roulant et d\u00e9cor<\/td><td class=\"column-4\"><a href=\"http:\/\/apocopa.free.fr\/\" rel=\"noopener\" target=\"_blank\">http:\/\/apocopa.free.fr\/<\/a><\/td>\n<\/tr>\n<tr class=\"row-3\">\n\t<td class=\"column-1\">44<\/td><td class=\"column-2\">Au Pays des Leds<\/td><td class=\"column-3\">Tout pour l\u2019\u00e9lectronique<\/td><td class=\"column-4\"><a href=\"https:\/\/www.au-pays-des-leds.fr\/\" rel=\"noopener\" target=\"_blank\">https:\/\/www.au-pays-des-leds.fr\/<\/a><\/td>\n<\/tr>\n<tr class=\"row-4\">\n\t<td class=\"column-1\">63<\/td><td class=\"column-2\">Aubertrain<\/td><td class=\"column-3\">Mat\u00e9riels roulants neufs et accessoires de mod\u00e9lisme<\/td><td class=\"column-4\"><a href=\"http:\/\/aubertrain.com\/\" rel=\"noopener\" target=\"_blank\">http:\/\/aubertrain.com\/<\/a><\/td>\n<\/tr>\n<tr class=\"row-5\">\n\t<td class=\"column-1\">55<\/td><td class=\"column-2\">AXEL VEGA<\/td><td class=\"column-3\">Artisan : Maquettes de B\u00e2timents et V\u00e9hicules<\/td><td class=\"column-4\"><a href=\"http:\/\/axelsbazar.com\/\" rel=\"noopener\" target=\"_blank\">http:\/\/axelsbazar.com\/<\/a><\/td>\n<\/tr>\n<tr class=\"row-6\">\n\t<td class=\"column-1\">62<\/td><td class=\"column-2\">AZAR models<\/td><td class=\"column-3\">Mat\u00e9riels roulants neufs et accessoires de mod\u00e9lisme en Z<\/td><td class=\"column-4\"><a href=\"https:\/\/azar-models.com\/fr\/\" rel=\"noopener\" target=\"_blank\">https:\/\/azar-models.com\/fr\/<\/a><\/td>\n<\/tr>\n<tr class=\"row-7\">\n\t<td class=\"column-1\">40<\/td><td class=\"column-2\">Boutique Train<\/td><td class=\"column-3\">Locomotives, wagons, voitures voyageurs, d\u00e9cor, neufs et occasion<\/td><td class=\"column-4\"><a href=\"https:\/\/boutique-train.fr\/fr\/\" rel=\"noopener\" target=\"_blank\">https:\/\/boutique-train.fr\/fr\/<\/a><\/td>\n<\/tr>\n<tr class=\"row-8\">\n\t<td class=\"column-1\">61<\/td><td class=\"column-2\">CHREZO<\/td><td class=\"column-3\">Mat\u00e9riels roulants neufs et accessoires de mod\u00e9lisme en Z\u00e9ro<\/td><td class=\"column-4\"><a href=\"https:\/\/chrezo.fr\/\" rel=\"noopener\" target=\"_blank\">https:\/\/chrezo.fr\/<\/a><\/td>\n<\/tr>\n<tr class=\"row-9\">\n\t<td class=\"column-1\">60<\/td><td class=\"column-2\">D\u00e9pann loco<\/td><td class=\"column-3\">Tout pour le mat\u00e9riel roulant<\/td><td class=\"column-4\"><a href=\"http:\/\/depann-loco.e-monsite.com\/\" rel=\"noopener\" target=\"_blank\">http:\/\/depann-loco.e-monsite.com\/<\/a><\/td>\n<\/tr>\n<tr class=\"row-10\">\n\t<td class=\"column-1\">43<\/td><td class=\"column-2\">Distrimodel \/ OSKAR<\/td><td class=\"column-3\">Fabricant de mat\u00e9riel roulant<\/td><td class=\"column-4\"><a href=\"http:\/\/www.distrimodel.com\/oskar.html\" rel=\"noopener\" target=\"_blank\">http:\/\/www.distrimodel.com\/oskar.html<\/a><\/td>\n<\/tr>\n<tr class=\"row-11\">\n\t<td class=\"column-1\">51<\/td><td class=\"column-2\">Hainaut Mod\u00e9lisme<\/td><td class=\"column-3\">Mat\u00e9riels roulants et accessoires de mod\u00e9lisme<\/td><td class=\"column-4\"><a href=\"https:\/\/www.facebook.com\/HainautModelisme\/\" rel=\"noopener\" target=\"_blank\">https:\/\/www.facebook.com\/HainautModelisme\/<\/a><\/td>\n<\/tr>\n<tr class=\"row-12\">\n\t<td class=\"column-1\">48<\/td><td class=\"column-2\">HFR 160<\/td><td class=\"column-3\">Tout pour l\u2019\u00e9chelle N<\/td><td class=\"column-4\"><a href=\"https:\/\/hfr160.fr\/\" rel=\"noopener\" target=\"_blank\">https:\/\/hfr160.fr\/<\/a><\/td>\n<\/tr>\n<tr class=\"row-13\">\n\t<td class=\"column-1\">47<\/td><td class=\"column-2\">IPROD<\/td><td class=\"column-3\">R\u00e9novation de mat\u00e9riels roulants<\/td><td class=\"column-4\"><a href=\"http:\/\/www.iprod-ho.com\/\" rel=\"noopener\" target=\"_blank\">http:\/\/www.iprod-ho.com\/<\/a><\/td>\n<\/tr>\n<tr class=\"row-14\">\n\t<td class=\"column-1\">52<\/td><td class=\"column-2\">Le D\u00e9cor Principalement<\/td><td class=\"column-3\">Tout pour le d\u00e9cor<\/td><td class=\"column-4\"><a href=\"http:\/\/www.ledecorprincipalement.com\/\" rel=\"noopener\" target=\"_blank\">http:\/\/www.ledecorprincipalement.com\/<\/a><\/td>\n<\/tr>\n<tr class=\"row-15\">\n\t<td class=\"column-1\">53<\/td><td class=\"column-2\">LESAUX Alain<\/td><td class=\"column-3\">Cartes postales et photographies<\/td><td class=\"column-4\"><a href=\"http:\/\/alain-lesaux.over-blog.com\/\" rel=\"noopener\" target=\"_blank\">http:\/\/alain-lesaux.over-blog.com\/<\/a><\/td>\n<\/tr>\n<tr class=\"row-16\">\n\t<td class=\"column-1\">46<\/td><td class=\"column-2\">LR Presse<\/td><td class=\"column-3\">Presse et accessoires de mod\u00e9lisme<\/td><td class=\"column-4\"><a href=\"https:\/\/trains.lrpresse.com\/\" rel=\"noopener\" target=\"_blank\">https:\/\/trains.lrpresse.com\/<\/a><\/td>\n<\/tr>\n<tr class=\"row-17\">\n\t<td class=\"column-1\">50<\/td><td class=\"column-2\">Minifer<\/td><td class=\"column-3\">B\u00e2timents civils en carton bois\/d\u00e9coupe laser<\/td><td class=\"column-4\"><a href=\"http:\/\/www.minifer.fr\/\" rel=\"noopener\" target=\"_blank\">http:\/\/www.minifer.fr\/<\/a><\/td>\n<\/tr>\n<tr class=\"row-18\">\n\t<td class=\"column-1\">64<\/td><td class=\"column-2\">PETIT V\u00e9ronique<\/td><td class=\"column-3\">Mat\u00e9riels roulants et accessoires de mod\u00e9lisme d&rsquo;occasion<\/td><td class=\"column-4\"><\/td>\n<\/tr>\n<tr class=\"row-19\">\n\t<td class=\"column-1\">58<\/td><td class=\"column-2\">Poujoula Laurent<\/td><td class=\"column-3\">Mat\u00e9riels roulants et accessoires de mod\u00e9lisme d&rsquo;occasion<\/td><td class=\"column-4\">\ufeff<\/td>\n<\/tr>\n<tr class=\"row-20\">\n\t<td class=\"column-1\">42<\/td><td class=\"column-2\">REE<\/td><td class=\"column-3\">Fabricant de mat\u00e9riel roulant miniature ferroviaire<\/td><td class=\"column-4\"><a href=\"http:\/\/www.ree-modeles.com\/\" rel=\"noopener\" target=\"_blank\">http:\/\/www.ree-modeles.com\/<\/a><\/td>\n<\/tr>\n<tr class=\"row-21\">\n\t<td class=\"column-1\">41<\/td><td class=\"column-2\">Riches Heures Edition<\/td><td class=\"column-3\">Article de mod\u00e9lisme et Impression 3D<\/td><td class=\"column-4\"><a href=\"http:\/\/www.richesheures.net\/3dprint\/\" rel=\"noopener\" target=\"_blank\">http:\/\/www.richesheures.net\/3dprint\/<\/a><\/td>\n<\/tr>\n<tr class=\"row-22\">\n\t<td class=\"column-1\">49<\/td><td class=\"column-2\">RMF \u2013 Rail Miniature Flash<\/td><td class=\"column-3\">Magazine Mod\u00e9lisme Ferroviaire<\/td><td class=\"column-4\"><a href=\"https:\/\/www.rmf-magazine.com\/\" rel=\"noopener\" target=\"_blank\">https:\/\/www.rmf-magazine.com\/<\/a><\/td>\n<\/tr>\n<tr class=\"row-23\">\n\t<td class=\"column-1\">59<\/td><td class=\"column-2\">SPAN<\/td><td class=\"column-3\">D\u00e9cor en impression 3D<\/td><td class=\"column-4\"><\/td>\n<\/tr>\n<tr class=\"row-24\">\n\t<td class=\"column-1\">39<\/td><td class=\"column-2\">Star Boutique<\/td><td class=\"column-3\">Mat\u00e9riels ferroviaires, toutes \u00e9chelles, neuf et occasion<\/td><td class=\"column-4\"><a href=\"http:\/\/www.star-boutique.fr\/\" rel=\"noopener\" target=\"_blank\">http:\/\/www.star-boutique.fr\/<\/a><\/td>\n<\/tr>\n<tr class=\"row-25\">\n\t<td class=\"column-1\">56<\/td><td class=\"column-2\">Train Mod\u00e8le<\/td><td class=\"column-3\">Fabricant de mat\u00e9riel roulant<\/td><td class=\"column-4\"><a href=\"https:\/\/train-modele.fr\/\" rel=\"noopener\" target=\"_blank\">https:\/\/train-modele.fr\/<\/a><\/td>\n<\/tr>\n<tr class=\"row-26\">\n\t<td class=\"column-1\">54<\/td><td class=\"column-2\">Tricastin Miniature<\/td><td class=\"column-3\">Accessoires de mod\u00e9lisme<\/td><td class=\"column-4\"><a href=\"http:\/\/tricastinminiatures.e-monsite.com\/\" rel=\"noopener\" target=\"_blank\">http:\/\/tricastinminiatures.e-monsite.com\/<\/a><\/td>\n<\/tr>\n<tr class=\"row-27\">\n\t<td class=\"column-1\">38<\/td><td class=\"column-2\">VAUDOU Fr\u00e9d\u00e9ric<\/td><td class=\"column-3\">Mat\u00e9riels roulants et accessoires de mod\u00e9lisme d&rsquo;occasion<\/td><td class=\"column-4\"><\/td>\n<\/tr>\n<\/tbody>\n<\/table>\n<!-- #tablepress-2 from cache -->\n\n\n<p id=\"plandesalle\">Le plan de l&rsquo;exposition ! (sous r\u00e9serve de modifications de derni\u00e8re minute)<\/p>\n\n\n\n<figure class=\"wp-block-image size-large\"><a href=\"http:\/\/www.amfm53.org\/wp-content\/uploads\/2023\/09\/Plan-de-lExposition-2023.jpg\"><img loading=\"lazy\" decoding=\"async\" width=\"1024\" height=\"724\" src=\"http:\/\/www.amfm53.org\/wp-content\/uploads\/2023\/09\/Plan-de-lExposition-2023-1024x724.jpg\" alt=\"\" class=\"wp-image-1843\" srcset=\"http:\/\/www.amfm53.org\/wp-content\/uploads\/2023\/09\/Plan-de-lExposition-2023-1024x724.jpg 1024w, http:\/\/www.amfm53.org\/wp-content\/uploads\/2023\/09\/Plan-de-lExposition-2023-300x212.jpg 300w, http:\/\/www.amfm53.org\/wp-content\/uploads\/2023\/09\/Plan-de-lExposition-2023-768x543.jpg 768w, http:\/\/www.amfm53.org\/wp-content\/uploads\/2023\/09\/Plan-de-lExposition-2023-1536x1086.jpg 1536w, http:\/\/www.amfm53.org\/wp-content\/uploads\/2023\/09\/Plan-de-lExposition-2023-150x106.jpg 150w, http:\/\/www.amfm53.org\/wp-content\/uploads\/2023\/09\/Plan-de-lExposition-2023-400x283.jpg 400w, http:\/\/www.amfm53.org\/wp-content\/uploads\/2023\/09\/Plan-de-lExposition-2023.jpg 1754w\" sizes=\"auto, (max-width: 1024px) 100vw, 1024px\" \/><\/a><\/figure>\n","protected":false},"excerpt":{"rendered":"<p>Voici la liste des exposants pour cette \u00e9dition 2023. Le plan est disponible en bas de page.<\/p>\n<p> N\u00b0 standEchelleNom du standNom 1H0Grand r\u00e9seau AMFMAMFM 2NPort de RedonAmicale Ferroviaire du Pays de Redon 3H0eR\u00e9seau H0eBLANDEL Fr\u00e9d\u00e9ric 5H0BREIZH 35CLEMENCEAU Patrick 6NSankou FerryDE MARTELAER Luc 7H0R\u00e9seau de la TouraineARMCT 8NGrand r\u00e9seau en NCollectif Sc\u00e9Nic 9H0Gare de Villefranche Retz [&#8230;]<\/p>\n","protected":false},"author":8,"featured_media":0,"parent":1776,"menu_order":1,"comment_status":"closed","ping_status":"closed","template":"","meta":{"footnotes":""},"class_list":["post-1802","page","type-page","status-publish","hentry","odd"],"_links":{"self":[{"href":"http:\/\/www.amfm53.org\/index.php?rest_route=\/wp\/v2\/pages\/1802","targetHints":{"allow":["GET"]}}],"collection":[{"href":"http:\/\/www.amfm53.org\/index.php?rest_route=\/wp\/v2\/pages"}],"about":[{"href":"http:\/\/www.amfm53.org\/index.php?rest_route=\/wp\/v2\/types\/page"}],"author":[{"embeddable":true,"href":"http:\/\/www.amfm53.org\/index.php?rest_route=\/wp\/v2\/users\/8"}],"replies":[{"embeddable":true,"href":"http:\/\/www.amfm53.org\/index.php?rest_route=%2Fwp%2Fv2%2Fcomments&post=1802"}],"version-history":[{"count":12,"href":"http:\/\/www.amfm53.org\/index.php?rest_route=\/wp\/v2\/pages\/1802\/revisions"}],"predecessor-version":[{"id":1846,"href":"http:\/\/www.amfm53.org\/index.php?rest_route=\/wp\/v2\/pages\/1802\/revisions\/1846"}],"up":[{"embeddable":true,"href":"http:\/\/www.amfm53.org\/index.php?rest_route=\/wp\/v2\/pages\/1776"}],"wp:attachment":[{"href":"http:\/\/www.amfm53.org\/index.php?rest_route=%2Fwp%2Fv2%2Fmedia&parent=1802"}],"curies":[{"name":"wp","href":"https:\/\/api.w.org\/{rel}","templated":true}]}}