{"id":1275,"date":"2017-09-02T08:44:19","date_gmt":"2017-09-02T08:44:19","guid":{"rendered":"http:\/\/www.amfm53.org\/?page_id=1275"},"modified":"2017-09-02T09:06:45","modified_gmt":"2017-09-02T09:06:45","slug":"ateliers","status":"publish","type":"page","link":"http:\/\/www.amfm53.org\/?page_id=1275","title":{"rendered":"Ateliers"},"content":{"rendered":"<p>Plusieurs membres du club ma\u00eetrisent des techniques dans diff\u00e9rents domaines du mod\u00e9lisme.<br \/>\nNous avons d\u00e9cid\u00e9s d&rsquo;organiser plusieurs ateliers th\u00e9matiques pour partager ses connaissances, initi\u00e9s de nouvelles vocations et favoriser les \u00e9changes.<br \/>\nAvant l&rsquo;\u00e9t\u00e9, nous avons pu lancer les premi\u00e8res sessions sur l&rsquo;\u00e9lectronique, le Digital et l&rsquo;A\u00e9rographe.<br \/>\nL&rsquo;exp\u00e9rience va se poursuivre dans les prochaines semaines.<br \/>\nVoici quelques photos des \u00e9l\u00e8ves et de leurs enseignants (Georges, Timoth\u00e9 et Roger) :<br \/>\nCliquez sur \u00ab\u00a0FS\u00a0\u00bb en bas \u00e0 droite pour les voir en plein \u00e9cran :<\/p>\n<div class=\"flagallery phantom_skin\" id=\"FlaGallery_sc1_16\" style='width:1200;'><style type=\"text\/css\" class=\"flagallery_skin_style_import\">#FlaGallery_sc1_16 .flagPhantom_ThumbContainer {width:200px; height:180px;}#FlaGallery_sc1_16 .flagPhantom_MobileView .flagPhantom_ThumbContainer {width:150px; height:135px;}#FlaGallery_sc1_16 .flagPhantom_Container {margin-left:auto;margin-right:auto;}#FlaGallery_sc1_16 .flagPhantom_ThumbContainer {margin:8px 0 0 8px;}#FlaGallery_sc1_16 .flagPhantom_ThumbContainer {padding:2px;}#FlaGallery_sc1_16 .flagPhantom_LabelBottom .flagPhantom_ThumbContainer {padding-bottom:36px;}#FlaGallery_sc1_16 .flagPhantom_ThumbContainer,#FlaGallery_sc1_16 .flagPhantom_LabelBottom .flagPhantom_ThumbLabel {background-color:#ffffff;}#FlaGallery_sc1_16 .flagPhantom_ThumbContainer .flagPhantom_Thumb {opacity:0.9;}#FlaGallery_sc1_16 .flagPhantom_ThumbContainer:hover .flagPhantom_Thumb {opacity:1;}#FlaGallery_sc1_16 .flagPhantom_ThumbContainer {border:1px solid #cccccc;}#FlaGallery_sc1_16 .flagPhantom_ThumbContainer {box-shadow:0 0 5px -2px #cccccc;}#FlaGallery_sc1_16 .flagPhantom_ThumbLabel {color:#0b0b0b;}#FlaGallery_sc1_16 .flagPhantom_ThumbLabel a {color:#3695E7;}#FlaGallery_sc1_16 .flagPhantom_LabelInside .flagPhantom_ThumbLabel,#FlaGallery_sc1_16 .flagPhantom_LabelHover .flagPhantom_ThumbLabel {color:#ffffff;}#FlaGallery_sc1_16 .flagPhantom_LabelInside .flagPhantom_ThumbLabel a,#FlaGallery_sc1_16 .flagPhantom_LabelHover .flagPhantom_ThumbLabel a,#FlaGallery_sc1_16 .flagPhantom_LabelInside .flagPhantom_ThumbLabel a:hover,#FlaGallery_sc1_16 .flagPhantom_LabelHover .flagPhantom_ThumbLabel a:hover {color:#e7e179;}<\/style> <div class=\"flagPhantom_Container noLightbox\" style=\"opacity:0\"> <h3>Ateliers<\/h3> <div class=\"flagPhantom_thumbsWrapper flagPhantom_ThumbScale flagPhantom_LabelHover\"> <div class=\"flagPhantom_ThumbContainer flagPhantom_ThumbLoader\" data-id=\"214\" data-ratio=\"1.3333333333333\" data-title=\"\" data-views=\"95\" data-likes=\"0\"> <a href=\"http:\/\/www.amfm53.org\/wp-content\/flagallery\/atelier-electronique\/webview\/2017-06-03-02-atelier-electronique-reduit.jpg\" class=\"flagPhantom_Thumb\"><img decoding=\"async\" class=\"noLazy\" src=\"http:\/\/www.amfm53.org\/wp-content\/flagallery\/atelier-electronique\/thumbs\/thumbs_2017-06-03-02-atelier-electronique-reduit.jpg\" data-src=\"http:\/\/www.amfm53.org\/wp-content\/flagallery\/atelier-electronique\/webview\/2017-06-03-02-atelier-electronique-reduit.jpg\" alt=\"\"\/><\/a> <div class=\"flagPhantom_ThumbLabel\"> <span class=\"flagPhantom_ThumbLabel_title\"><\/span><\/div> <div style=\"display:none;\" class=\"flagPhantom_Details\"> <\/div> <\/div> <div class=\"flagPhantom_ThumbContainer flagPhantom_ThumbLoader\" data-id=\"215\" data-ratio=\"1.3333333333333\" data-title=\"\" data-views=\"76\" data-likes=\"0\"> <a href=\"http:\/\/www.amfm53.org\/wp-content\/flagallery\/atelier-electronique\/webview\/2017-06-03-03-atelier-electronique-reduit.jpg\" class=\"flagPhantom_Thumb\"><img decoding=\"async\" class=\"noLazy\" src=\"http:\/\/www.amfm53.org\/wp-content\/flagallery\/atelier-electronique\/thumbs\/thumbs_2017-06-03-03-atelier-electronique-reduit.jpg\" data-src=\"http:\/\/www.amfm53.org\/wp-content\/flagallery\/atelier-electronique\/webview\/2017-06-03-03-atelier-electronique-reduit.jpg\" alt=\"\"\/><\/a> <div class=\"flagPhantom_ThumbLabel\"> <span class=\"flagPhantom_ThumbLabel_title\"><\/span><\/div> <div style=\"display:none;\" class=\"flagPhantom_Details\"> <\/div> <\/div> <div class=\"flagPhantom_ThumbContainer flagPhantom_ThumbLoader\" data-id=\"216\" data-ratio=\"1.3333333333333\" data-title=\"\" data-views=\"76\" data-likes=\"0\"> <a href=\"http:\/\/www.amfm53.org\/wp-content\/flagallery\/atelier-electronique\/webview\/2017-06-10-03-atelier-aerographe-reduit.jpg\" class=\"flagPhantom_Thumb\"><img decoding=\"async\" class=\"noLazy\" src=\"http:\/\/www.amfm53.org\/wp-content\/flagallery\/atelier-electronique\/thumbs\/thumbs_2017-06-10-03-atelier-aerographe-reduit.jpg\" data-src=\"http:\/\/www.amfm53.org\/wp-content\/flagallery\/atelier-electronique\/webview\/2017-06-10-03-atelier-aerographe-reduit.jpg\" alt=\"\"\/><\/a> <div class=\"flagPhantom_ThumbLabel\"> <span class=\"flagPhantom_ThumbLabel_title\"><\/span><\/div> <div style=\"display:none;\" class=\"flagPhantom_Details\"> <\/div> <\/div> <div class=\"flagPhantom_ThumbContainer flagPhantom_ThumbLoader\" data-id=\"217\" data-ratio=\"1.3333333333333\" data-title=\"\" data-views=\"71\" data-likes=\"0\"> <a href=\"http:\/\/www.amfm53.org\/wp-content\/flagallery\/atelier-electronique\/webview\/2017-06-10-04-atelier-aerographe-reduit.jpg\" class=\"flagPhantom_Thumb\"><img decoding=\"async\" class=\"noLazy\" src=\"http:\/\/www.amfm53.org\/wp-content\/flagallery\/atelier-electronique\/thumbs\/thumbs_2017-06-10-04-atelier-aerographe-reduit.jpg\" data-src=\"http:\/\/www.amfm53.org\/wp-content\/flagallery\/atelier-electronique\/webview\/2017-06-10-04-atelier-aerographe-reduit.jpg\" alt=\"\"\/><\/a> <div class=\"flagPhantom_ThumbLabel\"> <span class=\"flagPhantom_ThumbLabel_title\"><\/span><\/div> <div style=\"display:none;\" class=\"flagPhantom_Details\"> <\/div> <\/div> <div class=\"flagPhantom_ThumbContainer flagPhantom_ThumbLoader\" data-id=\"218\" data-ratio=\"1.3333333333333\" data-title=\"\" data-views=\"72\" data-likes=\"0\"> <a href=\"http:\/\/www.amfm53.org\/wp-content\/flagallery\/atelier-electronique\/webview\/2017-06-10-06-atelier-aerographe-reduit.jpg\" class=\"flagPhantom_Thumb\"><img decoding=\"async\" class=\"noLazy\" src=\"http:\/\/www.amfm53.org\/wp-content\/flagallery\/atelier-electronique\/thumbs\/thumbs_2017-06-10-06-atelier-aerographe-reduit.jpg\" data-src=\"http:\/\/www.amfm53.org\/wp-content\/flagallery\/atelier-electronique\/webview\/2017-06-10-06-atelier-aerographe-reduit.jpg\" alt=\"\"\/><\/a> <div class=\"flagPhantom_ThumbLabel\"> <span class=\"flagPhantom_ThumbLabel_title\"><\/span><\/div> <div style=\"display:none;\" class=\"flagPhantom_Details\"> <\/div> <\/div> <div class=\"flagPhantom_ThumbContainer flagPhantom_ThumbLoader\" data-id=\"219\" data-ratio=\"1.3333333333333\" data-title=\"\" data-views=\"65\" data-likes=\"0\"> <a href=\"http:\/\/www.amfm53.org\/wp-content\/flagallery\/atelier-electronique\/webview\/2017-06-10-07-atelier-aerographe-reduit.jpg\" class=\"flagPhantom_Thumb\"><img decoding=\"async\" class=\"noLazy\" src=\"http:\/\/www.amfm53.org\/wp-content\/flagallery\/atelier-electronique\/thumbs\/thumbs_2017-06-10-07-atelier-aerographe-reduit.jpg\" data-src=\"http:\/\/www.amfm53.org\/wp-content\/flagallery\/atelier-electronique\/webview\/2017-06-10-07-atelier-aerographe-reduit.jpg\" alt=\"\"\/><\/a> <div class=\"flagPhantom_ThumbLabel\"> <span class=\"flagPhantom_ThumbLabel_title\"><\/span><\/div> <div style=\"display:none;\" class=\"flagPhantom_Details\"> <\/div> <\/div> <div class=\"flagPhantom_ThumbContainer flagPhantom_ThumbLoader\" data-id=\"220\" data-ratio=\"1.3333333333333\" data-title=\"\" data-views=\"67\" data-likes=\"0\"> <a href=\"http:\/\/www.amfm53.org\/wp-content\/flagallery\/atelier-electronique\/webview\/2017-06-10-09-atelier-aerographe-reduit.jpg\" class=\"flagPhantom_Thumb\"><img decoding=\"async\" class=\"noLazy\" src=\"http:\/\/www.amfm53.org\/wp-content\/flagallery\/atelier-electronique\/thumbs\/thumbs_2017-06-10-09-atelier-aerographe-reduit.jpg\" data-src=\"http:\/\/www.amfm53.org\/wp-content\/flagallery\/atelier-electronique\/webview\/2017-06-10-09-atelier-aerographe-reduit.jpg\" alt=\"\"\/><\/a> <div class=\"flagPhantom_ThumbLabel\"> <span class=\"flagPhantom_ThumbLabel_title\"><\/span><\/div> <div style=\"display:none;\" class=\"flagPhantom_Details\"> <\/div> <\/div> <div class=\"flagPhantom_ThumbContainer flagPhantom_ThumbLoader\" data-id=\"221\" data-ratio=\"1.3333333333333\" data-title=\"\" data-views=\"72\" data-likes=\"0\"> <a href=\"http:\/\/www.amfm53.org\/wp-content\/flagallery\/atelier-electronique\/webview\/2017-07-01-02-atelier-digital-reduit.jpg\" class=\"flagPhantom_Thumb\"><img decoding=\"async\" class=\"noLazy\" src=\"http:\/\/www.amfm53.org\/wp-content\/flagallery\/atelier-electronique\/thumbs\/thumbs_2017-07-01-02-atelier-digital-reduit.jpg\" data-src=\"http:\/\/www.amfm53.org\/wp-content\/flagallery\/atelier-electronique\/webview\/2017-07-01-02-atelier-digital-reduit.jpg\" alt=\"\"\/><\/a> <div class=\"flagPhantom_ThumbLabel\"> <span class=\"flagPhantom_ThumbLabel_title\"><\/span><\/div> <div style=\"display:none;\" class=\"flagPhantom_Details\"> <\/div> <\/div> <div class=\"flagPhantom_ThumbContainer flagPhantom_ThumbLoader\" data-id=\"222\" data-ratio=\"1.3333333333333\" data-title=\"\" data-views=\"77\" data-likes=\"0\"> <a href=\"http:\/\/www.amfm53.org\/wp-content\/flagallery\/atelier-electronique\/webview\/2017-07-01-03-atelier-digital-reduit.jpg\" class=\"flagPhantom_Thumb\"><img decoding=\"async\" class=\"noLazy\" src=\"http:\/\/www.amfm53.org\/wp-content\/flagallery\/atelier-electronique\/thumbs\/thumbs_2017-07-01-03-atelier-digital-reduit.jpg\" data-src=\"http:\/\/www.amfm53.org\/wp-content\/flagallery\/atelier-electronique\/webview\/2017-07-01-03-atelier-digital-reduit.jpg\" alt=\"\"\/><\/a> <div class=\"flagPhantom_ThumbLabel\"> <span class=\"flagPhantom_ThumbLabel_title\"><\/span><\/div> <div style=\"display:none;\" class=\"flagPhantom_Details\"> <\/div> <\/div> <\/div> <\/div> <script type=\"text\/javascript\"> jQuery(function(){ var settings = {\"maxheight\":\"0\",\"thumbCols\":\"0\",\"thumbRows\":\"0\",\"thumbsNavigation\":\"scroll\",\"bgColor\":\"#035112\",\"bgAlpha\":\"0\",\"thumbWidth\":\"200\",\"thumbHeight\":\"180\",\"thumbWidthMobile\":\"150\",\"thumbHeightMobile\":\"135\",\"thumbsSpacing\":\"8\",\"thumbsVerticalPadding\":\"4\",\"thumbsHorizontalPadding\":\"4\",\"thumbsAlign\":\"center\",\"thumbScale\":\"1\",\"thumbBG\":\"#ffffff\",\"thumbAlpha\":\"90\",\"thumbAlphaHover\":\"100\",\"thumbBorderSize\":\"1\",\"thumbBorderColor\":\"#cccccc\",\"thumbPadding\":\"2\",\"thumbsInfo\":\"label\",\"labelOnHover\":\"1\",\"labelTextColor\":\"#ffffff\",\"labelLinkColor\":\"#e7e179\",\"label8TextColor\":\"#0b0b0b\",\"label8LinkColor\":\"#3695E7\",\"tooltipTextColor\":\"#0b0b0b\",\"tooltipBgColor\":\"#ffffff\",\"tooltipStrokeColor\":\"#000000\",\"lightboxControlsColor\":\"#ffffff\",\"lightboxTitleColor\":\"#f3f3f3\",\"lightboxTextColor\":\"#f3f3f3\",\"lightboxBGColor\":\"#0b0b0b\",\"lightboxBGAlpha\":\"80\",\"socialShareEnabled\":\"0\",\"deepLinks\":\"1\",\"sidebarBGColor\":\"#ffffff\",\"lightbox800HideArrows\":\"0\",\"viewsEnabled\":\"0\",\"likesEnabled\":\"0\",\"thumb2link\":\"0\",\"show_title\":\"1\",\"initRPdelay\":\"200\",\"key\":\"\",\"name\":\"\",\"mfp_css\":\"\\r\\n#mfp_gm_sc1_16 .mfp-arrow-right:after,\\r\\n#mfp_gm_sc1_16 .mfp-arrow-right .mfp-a {border-left-color:#ffffff;}\\r\\n#mfp_gm_sc1_16 .mfp-arrow-left:after,\\r\\n#mfp_gm_sc1_16 .mfp-arrow-left .mfp-a {border-right-color:#ffffff;}\\r\\n#mfp_gm_sc1_16 .mfp-close,\\r\\n#mfp_gm_sc1_16 .mfp-likes,\\r\\n#mfp_gm_sc1_16 .mfp-share {color:#ffffff;}\\r\\n#mfp_gm_sc1_16 .mfp-preloader {background-color:#ffffff;}\\r\\n#mfp_gm_sc1_16 .flagPhantom_title,\\r\\n#mfp_gm_sc1_16 .mfp-counter {color:#f3f3f3;}\\r\\n#mfp_gm_sc1_16 .flagPhantom_text {color:#f3f3f3;}\\r\\n#mfp_gm_sc1_16_bg.mfp-bg {background-color:#0b0b0b;}\\r\\n#mfp_gm_sc1_16_bg.mfp-bg {opacity:0.8;}\\r\\n#mfp_gm_sc1_16_bg.mfp-zoom-in.mfp-bg {opacity:0}\\r\\n#mfp_gm_sc1_16_bg.mfp-zoom-in.mfp-ready.mfp-bg {opacity:0.8;}\\r\\n#mfp_gm_sc1_16_bg.mfp-zoom-in.mfp-removing.mfp-bg {opacity:0}\"}; jQuery('#FlaGallery_sc1_16').flagPhantom([settings]); }); <\/script><\/div><noscript id=\"noscript_FlaGallery_sc1_16\"><img class=\"skip-lazy no-lazyload noLazy\" data-lazy-src=\"\" src =\"http:\/\/www.amfm53.org\/wp-content\/flagallery\/atelier-electronique\/2017-06-03-02-atelier-electronique-reduit.jpg\" alt=\"\" \/><img class=\"skip-lazy no-lazyload noLazy\" data-lazy-src=\"\" src =\"http:\/\/www.amfm53.org\/wp-content\/flagallery\/atelier-electronique\/2017-06-03-03-atelier-electronique-reduit.jpg\" alt=\"\" \/><img class=\"skip-lazy no-lazyload noLazy\" data-lazy-src=\"\" src =\"http:\/\/www.amfm53.org\/wp-content\/flagallery\/atelier-electronique\/2017-06-10-03-atelier-aerographe-reduit.jpg\" alt=\"\" \/><img class=\"skip-lazy no-lazyload noLazy\" data-lazy-src=\"\" src =\"http:\/\/www.amfm53.org\/wp-content\/flagallery\/atelier-electronique\/2017-06-10-04-atelier-aerographe-reduit.jpg\" alt=\"\" \/><img class=\"skip-lazy no-lazyload noLazy\" data-lazy-src=\"\" src =\"http:\/\/www.amfm53.org\/wp-content\/flagallery\/atelier-electronique\/2017-06-10-06-atelier-aerographe-reduit.jpg\" alt=\"\" \/><img class=\"skip-lazy no-lazyload noLazy\" data-lazy-src=\"\" src =\"http:\/\/www.amfm53.org\/wp-content\/flagallery\/atelier-electronique\/2017-06-10-07-atelier-aerographe-reduit.jpg\" alt=\"\" \/><img class=\"skip-lazy no-lazyload noLazy\" data-lazy-src=\"\" src =\"http:\/\/www.amfm53.org\/wp-content\/flagallery\/atelier-electronique\/2017-06-10-09-atelier-aerographe-reduit.jpg\" alt=\"\" \/><img class=\"skip-lazy no-lazyload noLazy\" data-lazy-src=\"\" src =\"http:\/\/www.amfm53.org\/wp-content\/flagallery\/atelier-electronique\/2017-07-01-02-atelier-digital-reduit.jpg\" alt=\"\" \/><img class=\"skip-lazy no-lazyload noLazy\" data-lazy-src=\"\" src =\"http:\/\/www.amfm53.org\/wp-content\/flagallery\/atelier-electronique\/2017-07-01-03-atelier-digital-reduit.jpg\" alt=\"\" \/><\/noscript>\n<p>&nbsp;<\/p>\n","protected":false},"excerpt":{"rendered":"<p>Plusieurs membres du club ma\u00eetrisent des techniques dans diff\u00e9rents domaines du mod\u00e9lisme. Nous avons d\u00e9cid\u00e9s d&rsquo;organiser plusieurs ateliers th\u00e9matiques pour partager ses connaissances, initi\u00e9s de nouvelles vocations et favoriser les \u00e9changes. Avant l&rsquo;\u00e9t\u00e9, nous avons pu lancer les premi\u00e8res sessions sur l&rsquo;\u00e9lectronique, le Digital et l&rsquo;A\u00e9rographe. L&rsquo;exp\u00e9rience va se poursuivre dans les prochaines semaines. Voici [&#8230;]<\/p>\n","protected":false},"author":8,"featured_media":0,"parent":0,"menu_order":5,"comment_status":"closed","ping_status":"closed","template":"","meta":{"footnotes":""},"class_list":["post-1275","page","type-page","status-publish","hentry","odd"],"_links":{"self":[{"href":"http:\/\/www.amfm53.org\/index.php?rest_route=\/wp\/v2\/pages\/1275","targetHints":{"allow":["GET"]}}],"collection":[{"href":"http:\/\/www.amfm53.org\/index.php?rest_route=\/wp\/v2\/pages"}],"about":[{"href":"http:\/\/www.amfm53.org\/index.php?rest_route=\/wp\/v2\/types\/page"}],"author":[{"embeddable":true,"href":"http:\/\/www.amfm53.org\/index.php?rest_route=\/wp\/v2\/users\/8"}],"replies":[{"embeddable":true,"href":"http:\/\/www.amfm53.org\/index.php?rest_route=%2Fwp%2Fv2%2Fcomments&post=1275"}],"version-history":[{"count":5,"href":"http:\/\/www.amfm53.org\/index.php?rest_route=\/wp\/v2\/pages\/1275\/revisions"}],"predecessor-version":[{"id":1286,"href":"http:\/\/www.amfm53.org\/index.php?rest_route=\/wp\/v2\/pages\/1275\/revisions\/1286"}],"wp:attachment":[{"href":"http:\/\/www.amfm53.org\/index.php?rest_route=%2Fwp%2Fv2%2Fmedia&parent=1275"}],"curies":[{"name":"wp","href":"https:\/\/api.w.org\/{rel}","templated":true}]}}