{"id":1153,"date":"2016-06-14T20:24:01","date_gmt":"2016-06-14T20:24:01","guid":{"rendered":"http:\/\/www.amfm53.org\/?page_id=1153"},"modified":"2016-09-22T19:55:10","modified_gmt":"2016-09-22T19:55:10","slug":"salon-2016-les-reseaux-et-les-exposants","status":"publish","type":"page","link":"http:\/\/www.amfm53.org\/?page_id=1153","title":{"rendered":"Salon 2016 &#8211; Les r\u00e9seaux et Les Exposants"},"content":{"rendered":"<p>Voici la liste des exposants pour cette \u00e9dition 2016. Le plan est en bas de page.<\/p>\n<p>Les R\u00e9seaux :<\/p>\n<table style=\"height: 1433px; padding-left: 120px;\" border=\"0\" width=\"727\" cellspacing=\"0\">\n<colgroup width=\"252\"><\/colgroup>\n<colgroup width=\"201\"><\/colgroup>\n<tbody>\n<tr>\n<td style=\"text-align: center;\" align=\"center\" bgcolor=\"#99ff66\" height=\"20\">Nom du R\u00e9seau<\/td>\n<td align=\"center\" bgcolor=\"#99ff66\">Club ou Auteur<\/td>\n<\/tr>\n<tr>\n<td align=\"left\" valign=\"middle\" height=\"20\">Gare de St Laurent<\/td>\n<td align=\"left\" valign=\"middle\">BAJARD Eric<\/td>\n<\/tr>\n<tr>\n<td align=\"left\" valign=\"middle\" height=\"20\">Gare de Vend\u00f4me<\/td>\n<td align=\"left\" valign=\"middle\">UMDC<\/td>\n<\/tr>\n<tr>\n<td align=\"left\" valign=\"middle\" height=\"20\">Jenesaizou<\/td>\n<td align=\"left\" valign=\"middle\">AMFC<\/td>\n<\/tr>\n<tr>\n<td align=\"left\" valign=\"middle\" height=\"20\">Pont Transbordeur<\/td>\n<td align=\"left\" valign=\"middle\">AMFC<\/td>\n<\/tr>\n<tr>\n<td align=\"left\" valign=\"middle\" height=\"20\">Port Jeannette<\/td>\n<td align=\"left\" valign=\"middle\">BLANDEL Fr\u00e9d\u00e9ric<\/td>\n<\/tr>\n<tr>\n<td align=\"left\" valign=\"middle\" height=\"20\">Viaduc de Caroual<\/td>\n<td align=\"left\" valign=\"middle\">CANTALOUBE Jean<\/td>\n<\/tr>\n<tr>\n<td align=\"left\" valign=\"middle\" height=\"20\">R\u00e9seau Lego<\/td>\n<td align=\"left\" valign=\"middle\">CLINCKEMAILLIE Maurice<\/td>\n<\/tr>\n<tr>\n<td align=\"left\" valign=\"middle\" height=\"20\">Station Eiffefe<\/td>\n<td align=\"left\" valign=\"middle\">JOYAU Fran\u00e7ois<\/td>\n<\/tr>\n<tr>\n<td align=\"left\" valign=\"middle\" height=\"20\">Sc\u00e9Nic : r\u00e9seau collectif<\/td>\n<td align=\"left\" valign=\"middle\">MARC Philippe<\/td>\n<\/tr>\n<tr>\n<td align=\"left\" valign=\"middle\" height=\"20\">Rueun<\/td>\n<td align=\"left\" valign=\"middle\">MURATORE Jean-Pierre<\/td>\n<\/tr>\n<tr>\n<td align=\"left\" valign=\"middle\" height=\"20\">Trinville 1962<\/td>\n<td align=\"left\" valign=\"middle\">RONDET Philippe<\/td>\n<\/tr>\n<tr>\n<td align=\"left\" valign=\"middle\" height=\"20\">Module industriel<\/td>\n<td align=\"left\" valign=\"middle\">TETE J-M<\/td>\n<\/tr>\n<tr>\n<td align=\"left\" valign=\"middle\" height=\"20\">Les Alpes en H0e<\/td>\n<td align=\"left\" valign=\"middle\">THOMAS Guy<\/td>\n<\/tr>\n<tr>\n<td align=\"left\" valign=\"middle\" height=\"20\">Un petit village Helv\u00e8te<\/td>\n<td align=\"left\" valign=\"middle\">TINEL Andr\u00e9<\/td>\n<\/tr>\n<tr>\n<td align=\"left\" valign=\"middle\" height=\"20\">Balade en Europe &#8211; \u00e9chelle TT<\/td>\n<td align=\"left\" valign=\"middle\">VLIEGHE St\u00e9phane<\/td>\n<\/tr>\n<tr>\n<td align=\"left\" valign=\"middle\" height=\"20\">Gare de la Fert\u00e9 Mac\u00e9<\/td>\n<td align=\"left\" valign=\"middle\">RGP 49<\/td>\n<\/tr>\n<tr>\n<td align=\"left\" valign=\"middle\" height=\"20\">Pas de boucle sur la ceinture<\/td>\n<td align=\"left\" valign=\"middle\">DEFOUR Florent<\/td>\n<\/tr>\n<tr>\n<td align=\"left\" valign=\"middle\" height=\"20\">Bif St Benoit + Ychoux<\/td>\n<td align=\"left\" valign=\"middle\">Ferrivienne Mod\u00e9lisme<\/td>\n<\/tr>\n<tr>\n<td align=\"left\" valign=\"middle\" height=\"20\">Tunnelier parisien<\/td>\n<td align=\"left\" valign=\"middle\">MKSB<\/td>\n<\/tr>\n<tr>\n<td align=\"left\" valign=\"middle\" height=\"20\">Corbineau et D\u00e9p\u00f4t Vapeur de Laval<\/td>\n<td align=\"left\" valign=\"middle\">AMFM<\/td>\n<\/tr>\n<tr>\n<td align=\"left\" valign=\"middle\" height=\"20\">Simulateur de conduite<\/td>\n<td align=\"left\" valign=\"middle\">APSFI<\/td>\n<\/tr>\n<tr>\n<td align=\"left\" valign=\"middle\" height=\"20\">Les Modulinos<\/td>\n<td align=\"left\" valign=\"middle\">AMFP RATP<\/td>\n<\/tr>\n<tr>\n<td align=\"left\" valign=\"middle\" height=\"20\">Le train du Pl\u00e9lo + R\u00e9seau Breton<\/td>\n<td align=\"left\" valign=\"middle\">Le train du Pl\u00e9lo<\/td>\n<\/tr>\n<tr>\n<td align=\"left\" valign=\"middle\" height=\"20\">R\u00e9seau Ouest \u00e9tat + PO<\/td>\n<td align=\"left\" valign=\"middle\">CMCR<\/td>\n<\/tr>\n<tr>\n<td align=\"left\" valign=\"middle\" height=\"20\">PK149 + Atelier Initiation<\/td>\n<td align=\"left\" valign=\"middle\">LIMOUSIN Eric &amp; CO<\/td>\n<\/tr>\n<tr>\n<td align=\"left\" valign=\"middle\" height=\"20\">R\u00e9seau 3 rails<\/td>\n<td align=\"left\" valign=\"middle\">DUCROS Nicolas<\/td>\n<\/tr>\n<tr>\n<td align=\"left\" valign=\"middle\" height=\"20\">Laiterie St Loup<\/td>\n<td align=\"left\" valign=\"middle\">BERTHELIN R\u00e9my<\/td>\n<\/tr>\n<tr>\n<td align=\"left\" valign=\"middle\" height=\"20\">Tallahatchie county<\/td>\n<td align=\"left\" valign=\"middle\">DE MARTELAER Luc<\/td>\n<\/tr>\n<tr>\n<td align=\"left\" valign=\"middle\" height=\"20\">Village de Kerbihan<\/td>\n<td align=\"left\" valign=\"middle\">LECOURSONNAIS Michel<\/td>\n<\/tr>\n<tr>\n<td align=\"left\" valign=\"middle\" height=\"20\">L&rsquo;envers de la technologie<\/td>\n<td align=\"left\" valign=\"middle\">PLISSON J-F et CHARLES C<\/td>\n<\/tr>\n<tr>\n<td align=\"left\" valign=\"middle\" height=\"20\">Carri\u00e8re et Gare<\/td>\n<td align=\"left\" valign=\"middle\">RMC 50<\/td>\n<\/tr>\n<tr>\n<td align=\"left\" valign=\"middle\" height=\"20\">Crois\u00e9e Le tramway de Saint-Etienne<\/td>\n<td align=\"left\" valign=\"middle\">ARSAC Guillaume<\/td>\n<\/tr>\n<tr>\n<td align=\"left\" valign=\"middle\" height=\"20\">Crois\u00e9e des Onsens<\/td>\n<td align=\"left\" valign=\"middle\">MKSB<\/td>\n<\/tr>\n<tr>\n<td align=\"left\" valign=\"middle\" height=\"20\">Crois\u00e9e Raoul Lagrume<\/td>\n<td align=\"left\" valign=\"middle\">CATHALA Patrick<\/td>\n<\/tr>\n<tr>\n<td align=\"left\" valign=\"middle\" height=\"20\">Crois\u00e9e sedannaise<\/td>\n<td align=\"left\" valign=\"middle\">JAQCUEMART Matthieu et GILBERT Fran\u00e7ois<\/td>\n<\/tr>\n<tr>\n<td align=\"left\" valign=\"middle\" height=\"20\">Crois\u00e9e Les cabanes du bassin<\/td>\n<td align=\"left\" valign=\"middle\">LITTORAIL 76<\/td>\n<\/tr>\n<tr>\n<td align=\"left\" valign=\"middle\" height=\"20\">Crois\u00e9e Quai de Seine<\/td>\n<td align=\"left\" valign=\"middle\">MATHE Pierre<\/td>\n<\/tr>\n<tr>\n<td align=\"left\" valign=\"middle\" height=\"20\">Crois\u00e9e plique &amp; contreplique<\/td>\n<td align=\"left\" valign=\"middle\">NOVEL CATIN Nicolas<\/td>\n<\/tr>\n<tr>\n<td align=\"left\" valign=\"middle\" height=\"20\">Crois\u00e9e Croizet d&rsquo;etroie<\/td>\n<td align=\"left\" valign=\"middle\">SALQUE G\u00e9rard<\/td>\n<\/tr>\n<tr>\n<td align=\"left\" valign=\"middle\" height=\"20\">Crois\u00e9e La Blanchisserie de Tivoli<\/td>\n<td align=\"left\" valign=\"middle\">TANIOU Ga\u00eblle et Olivier et MURATORE Jean-Pierre<\/td>\n<\/tr>\n<tr>\n<td align=\"left\" valign=\"middle\" height=\"20\">Crois\u00e9e Le tramway de Cir\u00e9 \u00e0 N\u00e8fres<\/td>\n<td align=\"left\" valign=\"middle\">FERRAND Fr\u00e9d\u00e9rick<\/td>\n<\/tr>\n<tr>\n<td align=\"left\" valign=\"middle\" height=\"20\">Crois\u00e9e de l&rsquo;organisateur<\/td>\n<td align=\"left\" valign=\"middle\">FRESNE Eric<\/td>\n<\/tr>\n<tr>\n<td align=\"left\" valign=\"middle\" height=\"20\">Crois\u00e9e Au Tant Plier<\/td>\n<td align=\"left\" valign=\"middle\">RACLIN Michel<\/td>\n<\/tr>\n<tr>\n<td align=\"left\" valign=\"middle\" height=\"20\">Crois\u00e9e Les Chavons<\/td>\n<td align=\"left\" valign=\"middle\">GABARD Philippe<\/td>\n<\/tr>\n<tr>\n<td align=\"left\" valign=\"middle\" height=\"20\">Crois\u00e9e La Savane<\/td>\n<td align=\"left\" valign=\"middle\">REGIS Christian<\/td>\n<\/tr>\n<tr>\n<td align=\"left\" valign=\"middle\" height=\"20\">Crois\u00e9e Jean Krass<\/td>\n<td align=\"left\" valign=\"middle\">VANDERBORGHT J-M<\/td>\n<\/tr>\n<tr>\n<td align=\"left\" valign=\"middle\" height=\"20\">Crois\u00e9e Le relais de Floranges<\/td>\n<td align=\"left\" valign=\"middle\">VANNIER Yann<\/td>\n<\/tr>\n<tr>\n<td align=\"left\" valign=\"middle\" height=\"20\">Crois\u00e9e La mine des Milors<\/td>\n<td align=\"left\" valign=\"middle\">WILLEMIN Denis<\/td>\n<\/tr>\n<tr>\n<td align=\"left\" valign=\"middle\" height=\"20\">Crois\u00e9e Marais des B\u00e9casses<\/td>\n<td align=\"left\" valign=\"middle\">WOODCOCK David<\/td>\n<\/tr>\n<\/tbody>\n<\/table>\n<p>Les Institutionnels :<\/p>\n<ul>\n<li><a href=\"http:\/\/www.evenement.sncf.com\/sncf.com\/archives-documentation.sncf\/\">Le Centre des Archives SNCF du Mans<\/a><\/li>\n<li><strong><a href=\"http:\/\/www.ffmf.info\/\">F\u00e9d\u00e9ration Fran\u00e7aise de Mod\u00e9lisme Ferroviaire<\/a><\/strong><\/li>\n<\/ul>\n<p>Les Associations :<\/p>\n<ul>\n<li><a href=\"http:\/\/www.st-loup-du-gast.mairie53.fr\/le-velo-rail-de-saint-loup-du-gast\">Le v\u00e9lo rail de St Loup du Gast<\/a><\/li>\n<li>FNAUT : <a href=\"http:\/\/www.fnaut.fr\/\">F\u00e9d\u00e9ration Nationale des Associations d&rsquo;Usagers des Transports<\/a><\/li>\n<li><a href=\"http:\/\/www.petit-anjou.fr\/\" target=\"_blank\">Le Petit Anjou<\/a><\/li>\n<li><strong>Exposition sur les chemins de fer D\u00e9partementaux de la Mayenne<\/strong><\/li>\n<\/ul>\n<p>Les Exposants Professionnels :<\/p>\n<table style=\"height: 1433px; padding-left: 120px;\" border=\"0\" width=\"727\" cellspacing=\"0\">\n<colgroup width=\"150\"><\/colgroup>\n<colgroup width=\"201\"> <\/colgroup>\n<colgroup width=\"252\"><\/colgroup>\n<tbody>\n<tr>\n<td style=\"text-align: center;\" align=\"center\" bgcolor=\"#99ff66\" height=\"20\">Nom<\/td>\n<td align=\"center\" bgcolor=\"#99ff66\">Activit\u00e9<\/td>\n<td align=\"center\" bgcolor=\"#99ff66\">Site Internet<\/td>\n<\/tr>\n<tr>\n<td>ACACF<\/td>\n<td>Cartes postales et photographies<\/td>\n<td><a href=\"http:\/\/acacf.free.fr\/\">http:\/\/acacf.free.fr\/<\/a><\/td>\n<\/tr>\n<tr>\n<td>Atelier Belle Epoque<\/td>\n<td>Artisan : accessoires de d\u00e9cor civil et ferroviaire<\/td>\n<td><a href=\"http:\/\/www.abe28.fr\/\">http:\/\/www.abe28.fr\/<\/a><\/td>\n<\/tr>\n<tr>\n<td>Atelier CJ Models<\/td>\n<td>Artisan : accessoires de d\u00e9cors en photo-d\u00e9coupe<\/td>\n<td><a href=\"http:\/\/ateliercjmodels.com\/\">http:\/\/ateliercjmodels.com\/<\/a><\/td>\n<\/tr>\n<tr>\n<td>B\u00e2timents et Constructions Ferroviaires<\/td>\n<td>Artisan : Maquettes de B\u00e2timents<\/td>\n<td><a href=\"http:\/\/bcf-modeles.fr\/\">http:\/\/bcf-modeles.fr\/<\/a><\/td>\n<\/tr>\n<tr>\n<td>D\u00e9pann loco<\/td>\n<td>Tout pour le mat\u00e9riel roulant<\/td>\n<td><a href=\"http:\/\/depann-loco.e-monsite.com\/\">http:\/\/depann-loco.e-monsite.com\/<\/a><\/td>\n<\/tr>\n<tr>\n<td>Galerie Elisabeth Lacroix<\/td>\n<td>Affiches<\/td>\n<td><a href=\"http:\/\/www.galerie-andres-lacroix.fr\/\">http:\/\/www.galerie-andres-lacroix.fr\/<\/a><\/td>\n<\/tr>\n<tr>\n<td>Hainaut Mod\u00e9lisme<\/td>\n<td>Mat\u00e9riels roulants et accessoires de mod\u00e9lisme<\/td>\n<td><a href=\"https:\/\/www.facebook.com\/HainautModelisme\/\">https:\/\/www.facebook.com\/HainautModelisme\/<\/a><\/td>\n<\/tr>\n<tr>\n<td>HM Diffusion<\/td>\n<td>Artisan : accessoires, mat\u00e9riels roulants en laiton photo-d\u00e9coup\u00e9<\/td>\n<td><a href=\"http:\/\/www.haxomodele.fr\/\">http:\/\/www.haxomodele.fr\/<\/a><\/td>\n<\/tr>\n<tr>\n<td>IPROD<\/td>\n<td>R\u00e9novation de mat\u00e9riels roulants<\/td>\n<td><a href=\"http:\/\/www.iprod-ho.com\/\">http:\/\/www.iprod-ho.com\/<\/a><\/td>\n<\/tr>\n<tr>\n<td>Jouet Mod\u00e8le R\u00e9duit<\/td>\n<td>Mat\u00e9riels roulants neufs et accessoires de mod\u00e9lisme<\/td>\n<td><a href=\"http:\/\/www.angersjmr.com\/\">http:\/\/www.angersjmr.com\/<\/a><\/td>\n<\/tr>\n<tr>\n<td>Jouets en vrac<\/td>\n<td>Fournitures de d\u00e9cor en mod\u00e9lisme<\/td>\n<td><a href=\"http:\/\/www.jouets-en-vrac.com\/\">http:\/\/www.jouets-en-vrac.com\/<\/a><\/td>\n<\/tr>\n<tr>\n<td>LEB<\/td>\n<td>Fabricant signaux lumineux et accessoires<\/td>\n<td><a href=\"http:\/\/lebmodelisme.com\/\">http:\/\/lebmodelisme.com\/<\/a><\/td>\n<\/tr>\n<tr>\n<td>L&rsquo;Omnibus<\/td>\n<td>Mat\u00e9riels roulants neufs et accessoires de mod\u00e9lisme<\/td>\n<td><a href=\"http:\/\/www.lomnibus-modelisme.com\/\">http:\/\/www.lomnibus-modelisme.com\/<\/a><\/td>\n<\/tr>\n<tr>\n<td>Le D\u00e9cor Principalement<\/td>\n<td>Tout pour le d\u00e9cor<\/td>\n<td><a href=\"http:\/\/www.ledecorprincipalement.com\/\">http:\/\/www.ledecorprincipalement.com\/<\/a><\/td>\n<\/tr>\n<tr>\n<td>Maquette Cr\u00e9ation<\/td>\n<td>Accessoires de mod\u00e9lisme<\/td>\n<td><a href=\"http:\/\/www.maquettecreation.fr\/\">http:\/\/www.maquettecreation.fr\/<\/a><\/td>\n<\/tr>\n<tr>\n<td>Micro Mod\u00e8les LAVAL<\/td>\n<td>Locomotives, wagons, voitures voyageurs, d\u00e9cor, neufs et occasion<\/td>\n<td><a href=\"http:\/\/micromodeleslaval.fr\/\">http:\/\/micromodeleslaval.fr\/<\/a><\/td>\n<\/tr>\n<tr>\n<td>Microrama<\/td>\n<td>B\u00e2timents, v\u00e9g\u00e9tation, r\u00e9sine\u2026<\/td>\n<td><a href=\"http:\/\/microrama.eu\/\/\">http:\/\/microrama.eu\/<\/a><\/td>\n<\/tr>\n<tr>\n<td>Minifer<\/td>\n<td>B\u00e2timents civils en carton bois\/d\u00e9coupe laser<\/td>\n<td><a href=\"http:\/\/www.minifer.fr\/\">http:\/\/www.minifer.fr\/<\/a><\/td>\n<\/tr>\n<tr>\n<td>Paradis des Passions<\/td>\n<td>Accessoires de mod\u00e9lisme<\/td>\n<td><a href=\"http:\/\/www.personnages-modelisme.fr\/fr\/\">http:\/\/www.personnages-modelisme.fr\/fr\/<\/a><\/td>\n<\/tr>\n<tr>\n<td>Pialat Alain<\/td>\n<td>Locomotives, wagons, voitures voyageurs, d\u00e9cor, neufs et occasion<\/td>\n<td><\/td>\n<\/tr>\n<tr>\n<td>Poujoula Laurent<\/td>\n<td>Mat\u00e9riels roulants et accessoires de mod\u00e9lisme d&rsquo;occasion<\/td>\n<td><\/td>\n<\/tr>\n<tr>\n<td>REE<\/td>\n<td>Fabricant de mat\u00e9riel roulant miniature ferroviaire<\/td>\n<td><a href=\"http:\/\/www.ree-modeles.com\/\">http:\/\/www.ree-modeles.com\/<\/a><\/td>\n<\/tr>\n<tr>\n<td>R\u00e9gion 4<\/td>\n<td>Accessoires de mod\u00e9lisme<\/td>\n<td><a href=\"http:\/\/region.4.free.fr\/\">http:\/\/region.4.free.fr\/<\/a><\/td>\n<\/tr>\n<tr>\n<td>Star Boutique<\/td>\n<td>Mat\u00e9riels ferroviaires, toutes \u00e9chelles, neuf et occasion<\/td>\n<td><a href=\"http:\/\/www.star-boutique.fr\/\">http:\/\/www.star-boutique.fr\/<\/a><\/td>\n<\/tr>\n<tr>\n<td>Tricastin Miniature<\/td>\n<td>Accessoires de mod\u00e9lisme<\/td>\n<td><a href=\"http:\/\/tricastinminiatures.e-monsite.com\/\">http:\/\/tricastinminiatures.e-monsite.com\/<\/a><\/td>\n<\/tr>\n<\/tbody>\n<\/table>\n<p><a href=\"http:\/\/www.amfm53.org\/wp-content\/uploads\/2016\/09\/Programme-2016-plan.jpg\"><img loading=\"lazy\" decoding=\"async\" class=\"aligncenter size-large wp-image-1227\" src=\"http:\/\/www.amfm53.org\/wp-content\/uploads\/2016\/09\/Programme-2016-plan-1024x736.jpg\" alt=\"programme-2016-plan\" width=\"640\" height=\"460\" srcset=\"http:\/\/www.amfm53.org\/wp-content\/uploads\/2016\/09\/Programme-2016-plan-1024x736.jpg 1024w, http:\/\/www.amfm53.org\/wp-content\/uploads\/2016\/09\/Programme-2016-plan-300x216.jpg 300w, http:\/\/www.amfm53.org\/wp-content\/uploads\/2016\/09\/Programme-2016-plan-150x108.jpg 150w, http:\/\/www.amfm53.org\/wp-content\/uploads\/2016\/09\/Programme-2016-plan-400x288.jpg 400w\" sizes=\"auto, (max-width: 640px) 100vw, 640px\" \/><\/a> <a href=\"http:\/\/www.amfm53.org\/wp-content\/uploads\/2016\/09\/Les-crois\u00e9es.jpg\"><img loading=\"lazy\" decoding=\"async\" class=\"aligncenter size-large wp-image-1226\" src=\"http:\/\/www.amfm53.org\/wp-content\/uploads\/2016\/09\/Les-crois\u00e9es-736x1024.jpg\" alt=\"les-croisees\" width=\"640\" height=\"890\" srcset=\"http:\/\/www.amfm53.org\/wp-content\/uploads\/2016\/09\/Les-crois\u00e9es-736x1024.jpg 736w, http:\/\/www.amfm53.org\/wp-content\/uploads\/2016\/09\/Les-crois\u00e9es-216x300.jpg 216w, http:\/\/www.amfm53.org\/wp-content\/uploads\/2016\/09\/Les-crois\u00e9es-108x150.jpg 108w, http:\/\/www.amfm53.org\/wp-content\/uploads\/2016\/09\/Les-crois\u00e9es-400x557.jpg 400w, http:\/\/www.amfm53.org\/wp-content\/uploads\/2016\/09\/Les-crois\u00e9es.jpg 1245w\" sizes=\"auto, (max-width: 640px) 100vw, 640px\" \/><\/a><\/p>\n","protected":false},"excerpt":{"rendered":"<p>Voici la liste des exposants pour cette \u00e9dition 2016. Le plan est en bas de page.<\/p>\n<p>Les R\u00e9seaux :<\/p>\n<p> Nom du R\u00e9seau Club ou Auteur Gare de St Laurent BAJARD Eric Gare de Vend\u00f4me UMDC Jenesaizou AMFC Pont Transbordeur AMFC Port Jeannette BLANDEL Fr\u00e9d\u00e9ric Viaduc de Caroual CANTALOUBE Jean R\u00e9seau Lego CLINCKEMAILLIE Maurice Station Eiffefe [&#8230;]<\/p>\n","protected":false},"author":8,"featured_media":0,"parent":1049,"menu_order":0,"comment_status":"closed","ping_status":"closed","template":"","meta":{"footnotes":""},"class_list":["post-1153","page","type-page","status-publish","hentry","odd"],"_links":{"self":[{"href":"http:\/\/www.amfm53.org\/index.php?rest_route=\/wp\/v2\/pages\/1153","targetHints":{"allow":["GET"]}}],"collection":[{"href":"http:\/\/www.amfm53.org\/index.php?rest_route=\/wp\/v2\/pages"}],"about":[{"href":"http:\/\/www.amfm53.org\/index.php?rest_route=\/wp\/v2\/types\/page"}],"author":[{"embeddable":true,"href":"http:\/\/www.amfm53.org\/index.php?rest_route=\/wp\/v2\/users\/8"}],"replies":[{"embeddable":true,"href":"http:\/\/www.amfm53.org\/index.php?rest_route=%2Fwp%2Fv2%2Fcomments&post=1153"}],"version-history":[{"count":36,"href":"http:\/\/www.amfm53.org\/index.php?rest_route=\/wp\/v2\/pages\/1153\/revisions"}],"predecessor-version":[{"id":1232,"href":"http:\/\/www.amfm53.org\/index.php?rest_route=\/wp\/v2\/pages\/1153\/revisions\/1232"}],"up":[{"embeddable":true,"href":"http:\/\/www.amfm53.org\/index.php?rest_route=\/wp\/v2\/pages\/1049"}],"wp:attachment":[{"href":"http:\/\/www.amfm53.org\/index.php?rest_route=%2Fwp%2Fv2%2Fmedia&parent=1153"}],"curies":[{"name":"wp","href":"https:\/\/api.w.org\/{rel}","templated":true}]}}